{"id":4433,"date":"2025-02-21T14:12:25","date_gmt":"2025-02-21T14:12:25","guid":{"rendered":"https:\/\/seekyourdata.com\/?post_type=product&#038;p=4433"},"modified":"2025-05-18T01:03:45","modified_gmt":"2025-05-17T22:03:45","slug":"travaux-pratiques-excel-en-2025","status":"publish","type":"product","link":"https:\/\/seekyourdata.com\/fr\/shop\/course\/travaux-pratiques-excel-en-2025\/","title":{"rendered":"+20 Travaux pratiques - Excel en 2025"},"content":{"rendered":"<p>Rejoignez notre programme <strong>Gratuit<\/strong> de <strong>\"Travaux Pratiques sur Excel en 2025\"<\/strong> et d\u00e9veloppez vos <strong>comp\u00e9tences<\/strong> en Excel gr\u00e2ce \u00e0 des <strong>sessions interactives<\/strong> et des <strong>Travaux Pratiques (TP)<\/strong> adapt\u00e9s aux derni\u00e8res tendances.<br \/>\nQue vous soyez d\u00e9butant ou utilisateur avanc\u00e9, notre formation vous guidera \u00e0 travers des projets concrets pour ma\u00eetriser toutes les fonctionnalit\u00e9s d'Excel, y compris les tableaux crois\u00e9s dynamiques, les fonctions avanc\u00e9es et l'automatisation.<\/p>\n<p>Inscrivez-vous d\u00e8s maintenant pour <strong>booster votre carri\u00e8re<\/strong> et garantir <strong>votre succ\u00e8s dans le monde professionnel<\/strong>.<\/p>","protected":false},"excerpt":{"rendered":"<p>Rejoignez notre programme <strong>Gratuit<\/strong> de \u2018<strong>Travaux Pratiques sur Excel en 2025<\/strong>\u2018 et d\u00e9veloppez vos <strong>comp\u00e9tences<\/strong> en Excel gr\u00e2ce \u00e0 des <strong>sessions interactives<\/strong> et des <strong>Travaux Pratiques (TP)<\/strong> adapt\u00e9s aux derni\u00e8res tendances.<br \/>\nQue vous soyez d\u00e9butant ou utilisateur avanc\u00e9, notre formation vous guidera \u00e0 travers des projets concrets pour ma\u00eetriser toutes les fonctionnalit\u00e9s d'Excel, y compris les tableaux crois\u00e9s dynamiques, les fonctions avanc\u00e9es et l'automatisation.<\/p>","protected":false},"featured_media":0,"comment_status":"open","ping_status":"closed","template":"","meta":{"_seopress_robots_primary_cat":"none","_seopress_titles_title":"","_seopress_titles_desc":"","_seopress_robots_index":"","_gspb_post_css":""},"product_brand":[],"product_cat":[82],"product_tag":[],"class_list":{"0":"post-4433","1":"product","2":"type-product","3":"status-publish","5":"product_cat-course","7":"first","8":"instock","9":"downloadable","10":"virtual","11":"sold-individually","12":"taxable","13":"purchasable","14":"product-type-simple"},"_links":{"self":[{"href":"https:\/\/seekyourdata.com\/fr\/wp-json\/wp\/v2\/product\/4433","targetHints":{"allow":["GET"]}}],"collection":[{"href":"https:\/\/seekyourdata.com\/fr\/wp-json\/wp\/v2\/product"}],"about":[{"href":"https:\/\/seekyourdata.com\/fr\/wp-json\/wp\/v2\/types\/product"}],"replies":[{"embeddable":true,"href":"https:\/\/seekyourdata.com\/fr\/wp-json\/wp\/v2\/comments?post=4433"}],"wp:attachment":[{"href":"https:\/\/seekyourdata.com\/fr\/wp-json\/wp\/v2\/media?parent=4433"}],"wp:term":[{"taxonomy":"product_brand","embeddable":true,"href":"https:\/\/seekyourdata.com\/fr\/wp-json\/wp\/v2\/product_brand?post=4433"},{"taxonomy":"product_cat","embeddable":true,"href":"https:\/\/seekyourdata.com\/fr\/wp-json\/wp\/v2\/product_cat?post=4433"},{"taxonomy":"product_tag","embeddable":true,"href":"https:\/\/seekyourdata.com\/fr\/wp-json\/wp\/v2\/product_tag?post=4433"}],"curies":[{"name":"wp","href":"https:\/\/api.w.org\/{rel}","templated":true}]}}