{"id":3589,"date":"2024-10-17T12:54:11","date_gmt":"2024-10-17T09:54:11","guid":{"rendered":"https:\/\/seekyourdata.com\/?post_type=product&#038;p=3589"},"modified":"2025-01-10T14:31:26","modified_gmt":"2025-01-10T14:31:26","slug":"site-web-avec-modele-preetabli","status":"publish","type":"product","link":"https:\/\/seekyourdata.com\/fr\/shop\/services\/website-with-premade-template\/","title":{"rendered":"Site web avec Th\u00e8me pr\u00e9d\u00e9fini"},"content":{"rendered":"<p>Site web \u00e9tant :<\/p>\n<ul>\n<li>R\u00e9actif<\/li>\n<li>S\u00e9curis\u00e9<\/li>\n<li>Mise en place rapide<\/li>\n<li>Fiable<\/li>\n<\/ul>","protected":false},"excerpt":{"rendered":"<p>Site web \u00e9tant :<\/p>\n<p><strong>- R\u00e9actif<\/strong><br \/>\n<strong>\u2022 S\u00e9curis\u00e9<\/strong><br \/>\n<strong>\u2022 Rapide \u00e0 mettre en place<\/strong><br \/>\n<strong>\u2022 Fiable<\/strong><\/p>","protected":false},"featured_media":3592,"comment_status":"open","ping_status":"closed","template":"","meta":{"_seopress_robots_primary_cat":"none","_seopress_titles_title":"","_seopress_titles_desc":"","_seopress_robots_index":"","_gspb_post_css":""},"product_brand":[],"product_cat":[79],"product_tag":[80],"class_list":{"0":"post-3589","1":"product","2":"type-product","3":"status-publish","4":"has-post-thumbnail","6":"product_cat-services","7":"product_tag-site","9":"first","10":"instock","11":"taxable","12":"shipping-taxable","13":"purchasable","14":"product-type-simple"},"_links":{"self":[{"href":"https:\/\/seekyourdata.com\/fr\/wp-json\/wp\/v2\/product\/3589","targetHints":{"allow":["GET"]}}],"collection":[{"href":"https:\/\/seekyourdata.com\/fr\/wp-json\/wp\/v2\/product"}],"about":[{"href":"https:\/\/seekyourdata.com\/fr\/wp-json\/wp\/v2\/types\/product"}],"replies":[{"embeddable":true,"href":"https:\/\/seekyourdata.com\/fr\/wp-json\/wp\/v2\/comments?post=3589"}],"wp:featuredmedia":[{"embeddable":true,"href":"https:\/\/seekyourdata.com\/fr\/wp-json\/wp\/v2\/media\/3592"}],"wp:attachment":[{"href":"https:\/\/seekyourdata.com\/fr\/wp-json\/wp\/v2\/media?parent=3589"}],"wp:term":[{"taxonomy":"product_brand","embeddable":true,"href":"https:\/\/seekyourdata.com\/fr\/wp-json\/wp\/v2\/product_brand?post=3589"},{"taxonomy":"product_cat","embeddable":true,"href":"https:\/\/seekyourdata.com\/fr\/wp-json\/wp\/v2\/product_cat?post=3589"},{"taxonomy":"product_tag","embeddable":true,"href":"https:\/\/seekyourdata.com\/fr\/wp-json\/wp\/v2\/product_tag?post=3589"}],"curies":[{"name":"wp","href":"https:\/\/api.w.org\/{rel}","templated":true}]}}