{"id":7923,"date":"2025-08-15T23:41:18","date_gmt":"2025-08-15T20:41:18","guid":{"rendered":"https:\/\/seekyourdata.com\/?page_id=7923"},"modified":"2025-08-15T23:41:18","modified_gmt":"2025-08-15T20:41:18","slug":"erp-gratuit","status":"publish","type":"page","link":"https:\/\/seekyourdata.com\/fr\/free-erp\/","title":{"rendered":"EKERP: Free modern ERP in 2026"},"content":{"rendered":"<div class=\"wp-block-greenshift-blocks-row gspb_row gspb_row-id-gsbp-69c89db\" id=\"gspb_row-id-gsbp-69c89db\"><div class=\"gspb_row__content\"> \n<div class=\"wp-block-greenshift-blocks-row-column gspb_row__col--6 gspb_col-id-gsbp-f6b936c\" id=\"gspb_col-id-gsbp-f6b936c\">\n<div class=\"wp-block-greenshift-blocks-container gspb_container gspb_container-gsbp-9aa4930\" id=\"gspb_container-id-gsbp-9aa4930\">\n<div class=\"wp-block-greenshift-blocks-container gspb_container gspb_container-gsbp-36a1bc4\" id=\"gspb_container-id-gsbp-36a1bc4\">\n<p><strong>EKERP<\/strong><sub><sup> - Acc\u00e8s gratuit<\/sup><\/sub><\/p>\n<\/div>\n\n\n\n<div class=\"wp-block-greenshift-blocks-container gspb_container gspb_container-gsbp-705ec57\" id=\"gspb_container-id-gsbp-705ec57\"><div class=\"forminator-ui forminator-custom-form forminator-custom-form-7921 forminator-design--material forminator-custom forminator_ajax\" data-forminator-render=\"0\" data-form=\"forminator-module-7921\" data-uid=\"69dee3d6111b3\"><br\/><\/div><form\r\n\t\t\t\tid=\"forminator-module-7921\"\r\n\t\t\t\tclass=\"forminator-ui forminator-custom-form forminator-custom-form-7921 forminator-design--material forminator-custom forminator_ajax\"\r\n\t\t\t\tmethod=\"post\"\r\n\t\t\t\tdata-forminator-render=\"0\"\r\n\t\t\t\tdata-form-id=\"7921\"\r\n\t\t\t\t data-color-option=\"theme\" data-design=\"material\" data-grid=\"custom\" style=\"display: none;\"\r\n\t\t\t\tdata-uid=\"69dee3d6111b3\" action=\"\"\r\n\t\t\t><div role=\"alert\" aria-live=\"polite\" class=\"forminator-response-message forminator-error\" aria-hidden=\"true\"><\/div><div class=\"forminator-row\"><div id=\"radio-1\" class=\"forminator-field-radio forminator-col forminator-col-12\"><div role=\"radiogroup\" class=\"forminator-field\" aria-labelledby=\"forminator-radiogroup-radio-1-69dee3d6111b3-label\"><label id=\"forminator-field-radio-1-label-1\" for=\"forminator-field-radio-1-1-69dee3d6111b3\" class=\"forminator-radio forminator-radio-inline\" title=\"Entreprise\"><input type=\"radio\" name=\"radio-1\" value=\"one\" id=\"forminator-field-radio-1-1-69dee3d6111b3\" aria-labelledby=\"forminator-field-radio-1-label-1\" data-calculation=\"0\"   data-hidden-behavior=\"zero\"\/><span class=\"forminator-radio-bullet\" aria-hidden=\"true\"><\/span><span class=\"forminator-radio-label\">Entreprise<\/span><\/label><label id=\"forminator-field-radio-1-label-2\" for=\"forminator-field-radio-1-2-69dee3d6111b3\" class=\"forminator-radio forminator-radio-inline\" title=\"Freelance\"><input type=\"radio\" name=\"radio-1\" value=\"two\" id=\"forminator-field-radio-1-2-69dee3d6111b3\" aria-labelledby=\"forminator-field-radio-1-label-2\" data-calculation=\"0\"   data-hidden-behavior=\"zero\"\/><span class=\"forminator-radio-bullet\" aria-hidden=\"true\"><\/span><span class=\"forminator-radio-label\">Freelance<\/span><\/label><label id=\"forminator-field-radio-1-label-3\" for=\"forminator-field-radio-1-3-69dee3d6111b3\" class=\"forminator-radio forminator-radio-inline\" title=\"Secteur informel\"><input type=\"radio\" name=\"radio-1\" value=\"Informal-sector\" id=\"forminator-field-radio-1-3-69dee3d6111b3\" aria-labelledby=\"forminator-field-radio-1-label-3\" data-calculation=\"0\"   data-hidden-behavior=\"zero\"\/><span class=\"forminator-radio-bullet\" aria-hidden=\"true\"><\/span><span class=\"forminator-radio-label\">Secteur informel<\/span><\/label><label id=\"forminator-field-radio-1-label-4\" for=\"forminator-field-radio-1-4-69dee3d6111b3\" class=\"forminator-radio forminator-radio-inline\" title=\"Autres\"><input type=\"radio\" name=\"radio-1\" value=\"Other\" id=\"forminator-field-radio-1-4-69dee3d6111b3\" aria-labelledby=\"forminator-field-radio-1-label-4\" data-calculation=\"0\"   data-hidden-behavior=\"zero\"\/><span class=\"forminator-radio-bullet\" aria-hidden=\"true\"><\/span><span class=\"forminator-radio-label\">Autres<\/span><\/label><\/div><\/div><\/div><div class=\"forminator-row\"><div id=\"number-1\" class=\"forminator-field-number forminator-col forminator-col-12\"><div class=\"forminator-field\"><label for=\"forminator-field-number-1_69dee3d6111b3\" id=\"forminator-field-number-1_69dee3d6111b3-label\" class=\"forminator-label\">Combien d'employ\u00e9s avez-vous ? <span class=\"forminator-required\">*<\/span><\/label><input name=\"number-1\" value=\"\" placeholder=\"\" id=\"forminator-field-number-1_69dee3d6111b3\" class=\"forminator-input forminator-number--field\" inputmode=\"decimal\" data-required=\"1\" data-decimals=\"0\" aria-required=\"true\" data-inputmask=\"&#039;groupSeparator&#039;: &#039;&#039;, &#039;radixPoint&#039;: &#039;&#039;, &#039;digits&#039;: &#039;0&#039;\" data-hidden-behavior=\"zero\" type=\"number\" step=\"any\" min=\"1\" max=\"1000\" \/><\/div><\/div><\/div><div class=\"forminator-row\"><div id=\"name-1\" class=\"forminator-field-name forminator-col forminator-col-6\"><div class=\"forminator-field\"><label for=\"forminator-field-name-1_69dee3d6111b3\" id=\"forminator-field-name-1_69dee3d6111b3-label\" class=\"forminator-label\">Pr\u00e9nom <span class=\"forminator-required\">*<\/span><\/label><input type=\"text\" name=\"name-1\" value=\"\" placeholder=\"Ex: Alain\" id=\"forminator-field-name-1_69dee3d6111b3\" class=\"forminator-input forminator-name--field\" aria-required=\"true\" autocomplete=\"name\" \/><\/div><\/div><div id=\"email-1\" class=\"forminator-field-email forminator-col forminator-col-6\"><div class=\"forminator-field\"><label for=\"forminator-field-email-1_69dee3d6111b3\" id=\"forminator-field-email-1_69dee3d6111b3-label\" class=\"forminator-label\">Adresse Email <span class=\"forminator-required\">*<\/span><\/label><input type=\"email\" name=\"email-1\" value=\"\" placeholder=\"Ex: jean@don.com\" id=\"forminator-field-email-1_69dee3d6111b3\" class=\"forminator-input forminator-email--field\" data-required=\"true\" aria-required=\"true\" autocomplete=\"email\" \/><\/div><\/div><\/div><div class=\"forminator-row\"><div id=\"phone-1\" class=\"forminator-field-phone forminator-col forminator-col-12\"><div class=\"forminator-field\"><label for=\"forminator-field-phone-1_69dee3d6111b3\" id=\"forminator-field-phone-1_69dee3d6111b3-label\" class=\"forminator-label\">Num\u00e9ro de t\u00e9l\u00e9phone <span class=\"forminator-required\">*<\/span><\/label><input type=\"text\" name=\"phone-1\" value=\"\" placeholder=\"Ex: +33 1 23 45 67 89\" id=\"forminator-field-phone-1_69dee3d6111b3\" class=\"forminator-input forminator-field--phone\" data-required=\"1\" aria-required=\"true\" autocomplete=\"off\" \/><\/div><\/div><\/div><div class=\"forminator-row\"><div id=\"textarea-1\" class=\"forminator-field-textarea forminator-col forminator-col-12\"><div class=\"forminator-field\"><label for=\"forminator-field-textarea-1_69dee3d6111b3\" id=\"forminator-field-textarea-1_69dee3d6111b3-label\" class=\"forminator-label\">Que voulez-vous nous dire ?<\/label><textarea name=\"textarea-1\" placeholder=\"M\u00eame un petit encouragement serait appr\u00e9ci\u00e9 !\" id=\"forminator-field-textarea-1_69dee3d6111b3\" class=\"forminator-textarea\" rows=\"6\" style=\"min-height:68px;\" maxlength=\"300\" ><\/textarea><span id=\"forminator-field-textarea-1_69dee3d6111b3-description\" class=\"forminator-description\"><span data-limit=\"300\" data-type=\"characters\" data-editor=\"\">0 \/ 300<\/span><\/span><\/div><\/div><\/div><div class=\"forminator-row\"><div id=\"html-1\" class=\"forminator-field-html forminator-col forminator-col-12\"><div class=\"forminator-field forminator-merge-tags\" data-field=\"html-1\"><p><em>Merci, nous vous r\u00e9pondrons par courriel \u00e0 l'adresse \u2709\ufe0e, <a rel=\"noopener\" target=\"_blank\" href=\"https:\/\/seekyourdata.com\/fr\/blog-news\/\">\u00e0 bient\u00f4t !<\/a><\/em><\/p><\/div><\/div><\/div><div class=\"forminator-row forminator-hidden\"><div id=\"hidden-2\" class=\"forminator-field-hidden  forminator-col-12\"><input type=\"hidden\" id=\"hidden-2_69dee3d6111b3\" name=\"hidden-2\" value=\"216.73.216.81\" \/><\/div><\/div><div class=\"forminator-row forminator-hidden\"><div id=\"hidden-1\" class=\"forminator-field-hidden  forminator-col-12\"><input type=\"hidden\" id=\"hidden-1_69dee3d6111b3\" name=\"hidden-1\" value=\"https:\/\/seekyourdata.com\/fr\/free-erp\/\" \/><\/div><\/div><input type=\"hidden\" name=\"referer_url\" value=\"\" \/><div class=\"forminator-row forminator-row-last\"><div class=\"forminator-col\"><div class=\"forminator-field\"><button class=\"forminator-button forminator-button-submit\"><span>Obtenir un acc\u00e8s gratuit<\/span><span aria-hidden=\"true\"><\/span><\/button><\/div><\/div><\/div><input type=\"hidden\" id=\"forminator_nonce\" name=\"forminator_nonce\" value=\"03901e6379\" \/><input type=\"hidden\" name=\"_wp_http_referer\" value=\"\/fr\/wp-json\/wp\/v2\/pages\/7923\" \/><input type=\"hidden\" name=\"form_id\" value=\"7921\"><input type=\"hidden\" name=\"page_id\" value=\"7923\"><input type=\"hidden\" name=\"form_type\" value=\"default\"><input type=\"hidden\" name=\"current_url\" value=\"https:\/\/seekyourdata.com\/fr\/free-erp\/\"><input type=\"hidden\" name=\"render_id\" value=\"0\"><input type=\"hidden\" name=\"action\" value=\"forminator_submit_form_custom-forms\"><label for=\"input_9\" class=\"forminator-hidden\" aria-hidden=\"true\">Veuillez ne pas remplir ce champ. <input id=\"input_9\" type=\"text\" name=\"input_9\" value=\"\" autocomplete=\"off\"><\/label><input type=\"hidden\" name=\"trp-form-language\" value=\"fr\"\/><\/form>\n<\/div>\n<\/div>\n<\/div>\n\n\n\n<div class=\"wp-block-greenshift-blocks-row-column gspb_row__col--6 gspb_col-id-gsbp-63e0050\" id=\"gspb_col-id-gsbp-63e0050\">\n<div class=\"wp-block-greenshift-blocks-container gspb_container gspb_container-gsbp-9871062\" id=\"gspb_container-id-gsbp-9871062\">\n<div class=\"wp-block-greenshift-blocks-container gspb_container gspb_container-gsbp-ead42c1\" id=\"gspb_container-id-gsbp-ead42c1\">\n<h1 class=\"wp-block-heading has-max-gigantic-font-size\" id=\"ekerp-modern-erp-in-2025\" style=\"line-height:0.8\">EKERP<sub><sup> : L'ERP moderne en 2025<\/sup><\/sub><br><\/h1>\n<\/div>\n\n\n\n<div class=\"wp-block-greenshift-blocks-container gspb_container gspb_container-gsbp-76e88c3\" id=\"gspb_container-id-gsbp-76e88c3\">\n<h4 id=\"gspb_heading-id-gsbp-df07082\" class=\"gspb_heading gspb_heading-id-gsbp-df07082\"><span class=\"text-anim text-anim--slide js-text-anim\"><span class=\"text-anim__wrapper js-text-anim__wrapper\"><span class=\"text-anim__word js-text-anim__word text-anim__word--in\">Gestion des ressources humaines<\/span><span class=\"text-anim__word js-text-anim__word\">Gestion des prospects<\/span><span class=\"text-anim__word js-text-anim__word\">Comptabilit\u00e9<\/span><span class=\"text-anim__word js-text-anim__word\">Facturation<\/span><span class=\"text-anim__word js-text-anim__word\">Gestion de parc automobile<\/span><span class=\"text-anim__word js-text-anim__word\">Gestion des ressources<\/span><\/span><\/span> : ce sera plus facile pour vous!<\/h4>\n<\/div>\n<\/div>\n<\/div>\n <\/div><\/div>","protected":false},"excerpt":{"rendered":"","protected":false},"author":22,"featured_media":7930,"parent":0,"menu_order":2,"comment_status":"closed","ping_status":"closed","template":"normal-1","meta":{"_seopress_robots_primary_cat":"","_seopress_titles_title":"","_seopress_titles_desc":"Discover EKERP in 2026, the powerful ERP platform to simplify operations and boost productivity. Sign up now for a free access and transform your business today!","_seopress_robots_index":"","_gspb_post_css":"#gspb_row-id-gsbp-69c89db{justify-content: space-between;margin-top: 0px;margin-bottom: 0px;display: flex;flex-wrap: wrap;}#gspb_row-id-gsbp-69c89db > .gspb_row__content {display: flex;justify-content: space-between;margin: 0 auto;width: 100%;flex-wrap: wrap;}.gspb_row{position:relative;}div[id^=gspb_col-id]{box-sizing:border-box;position:relative;}div[id^=gspb_col-id]{padding:var(--gs-row-column-padding, 15px min(3vw, 20px));}body.gspb-bodyfront #gspb_row-id-gsbp-69c89db > .gspb_row__content{max-width:var(--wp--style--global--wide-size, 1200px);}#gspb_row-id-gsbp-69c89db{margin-top:-40px;margin-bottom:-200px;}@media (max-width: 991.98px){#gspb_row-id-gsbp-69c89db{margin-bottom:-120px;}}@media (max-width: 767.98px){#gspb_row-id-gsbp-69c89db{margin-bottom:-80px;}}#gspb_col-id-gsbp-f6b936c.gspb_row__col--6{width:50%;}@media (max-width: 575.98px){#gspb_col-id-gsbp-f6b936c.gspb_row__col--6{width:100%;}}@media (min-width:992px){body.gspb-bodyfront #gspb_col-id-gsbp-f6b936c.gspb_row__col--6{width:calc(55% - 0px - 0px)}}.gspb_container-id-gsbp-9aa4930{flex-direction: column;box-sizing: border-box;}#gspb_container-id-gsbp-9aa4930.gspb_container > p:last-of-type{margin-bottom:0}#gspb_container-id-gsbp-9aa4930.gspb_container{position:relative;}@media (max-width: 767.98px){body.gspb-bodyfront #gspb_container-id-gsbp-9aa4930.gspb_container{order:2;}}body.gspb-bodyfront #gspb_container-id-gsbp-9aa4930.gspb_container{grid-column-start:1;grid-column-end:2;grid-row-start:1;grid-row-end:2;}#gspb_container-id-gsbp-9aa4930.gspb_container{padding-right:12px;padding-left:12px;}#gspb_container-id-gsbp-9aa4930.gspb_container{border-top-left-radius:16px;border-top-right-radius:16px;border-bottom-right-radius:16px;border-bottom-left-radius:16px;}#gspb_container-id-gsbp-9aa4930.gspb_container{border-style:solid;border-width:1px;border-color:var(--wp--preset--color--lightborder, #cecece6b);}#gspb_container-id-gsbp-9aa4930.gspb_container > .gspb_backgroundOverlay{border-top-left-radius:16px;border-top-right-radius:16px;border-bottom-right-radius:16px;border-bottom-left-radius:16px;}#gspb_container-id-gsbp-9aa4930.gspb_container{background-color:#f4f5f721;}.gspb_container-id-gsbp-d6217ce{flex-direction: column;box-sizing: border-box;}#gspb_container-id-gsbp-d6217ce.gspb_container > p:last-of-type{margin-bottom:0}#gspb_container-id-gsbp-d6217ce.gspb_container{position:relative;} @media (max-width: 575.98px){ body.gspb-bodyfront #gspb_container-id-gsbp-d6217ce.gspb_container { display: none !important; } } @media (min-width: 576px) and (max-width: 767.98px){ body.gspb-bodyfront #gspb_container-id-gsbp-d6217ce.gspb_container { display: none !important; } }#gspb_container-id-gsbp-d6217ce.gspb_container{padding-top:10px;padding-bottom:10px;}.gspb_container-id-gsbp-3b0ec5b{flex-direction: column;box-sizing: border-box;}#gspb_container-id-gsbp-3b0ec5b.gspb_container > p:last-of-type{margin-bottom:0}#gspb_container-id-gsbp-3b0ec5b.gspb_container{position:relative;}.gspb_container-id-gsbp-705ec57{flex-direction: column;box-sizing: border-box;}#gspb_container-id-gsbp-705ec57.gspb_container > p:last-of-type{margin-bottom:0}#gspb_container-id-gsbp-705ec57.gspb_container{position:relative;}#gspb_container-id-gsbp-705ec57.gspb_container{padding-bottom:8px;}#gspb_col-id-gsbp-63e0050.gspb_row__col--6{width:50%;}@media (max-width: 575.98px){#gspb_col-id-gsbp-63e0050.gspb_row__col--6{width:100%;}}@media (min-width:992px){body.gspb-bodyfront #gspb_col-id-gsbp-63e0050.gspb_row__col--6{width:calc(45% - 0px - 0px)}}@media (max-width: 991.98px){#gspb_col-id-gsbp-63e0050.gspb_row__col--6{order:-1;}}@media (max-width: 767.98px){#gspb_col-id-gsbp-63e0050.gspb_row__col--6{order:-1;}}.gspb_container-id-gsbp-9871062{flex-direction: column;box-sizing: border-box;}#gspb_container-id-gsbp-9871062.gspb_container > p:last-of-type{margin-bottom:0}#gspb_container-id-gsbp-9871062.gspb_container{position:relative;}@media (max-width: 767.98px){body.gspb-bodyfront #gspb_container-id-gsbp-9871062.gspb_container{order:-1;}}body.gspb-bodyfront #gspb_container-id-gsbp-9871062.gspb_container{grid-column-start:2;grid-column-end:4;grid-row-start:1;grid-row-end:2;}#gspb_container-id-gsbp-9871062.gspb_container{margin-top:-36px;}.gspb_container-id-gsbp-ead42c1{flex-direction: column;box-sizing: border-box;}#gspb_container-id-gsbp-ead42c1.gspb_container > p:last-of-type{margin-bottom:0}#gspb_container-id-gsbp-ead42c1.gspb_container{position:relative;}#gspb_container-id-gsbp-ead42c1.gspb_container{margin-bottom:-20px;}.gspb_container-id-gsbp-afe20e7{flex-direction: column;box-sizing: border-box;}#gspb_container-id-gsbp-afe20e7.gspb_container > p:last-of-type{margin-bottom:0}#gspb_container-id-gsbp-afe20e7.gspb_container{position:relative;}#gspb_container-id-gsbp-afe20e7.gspb_container{padding-bottom:20px;}#gspb_heading-id-gsbp-df07082{margin-top:0px;margin-bottom:0px;} @media (max-width: 575.98px){ body #gspb_heading-id-gsbp-df07082 { display: none !important; } } @media (min-width: 576px) and (max-width: 767.98px){ body #gspb_heading-id-gsbp-df07082 { display: none !important; } }#gspb_heading-id-gsbp-df07082 .text-anim__word{background-image: linear-gradient(to bottom right,var(--wp--preset--color--primary) 0%,var(--wp--preset--color--secondary) 100%);-webkit-background-clip: text;-webkit-text-fill-color: transparent;} .text-anim__wrapper {position: relative;display: inline-block;} .text-anim__word {position: absolute;top: 0;left: 0;z-index: 1;display: inline-block;} .text-anim__word--in {position: relative;z-index: 2;} #gspb_heading-id-gsbp-df07082 .text-anim--slide { --text-anim-duration: 0.2s; --text-anim-pause: 2s; } .text-anim--slide .text-anim__wrapper { -webkit-clip-path: polygon(0% 0%, 100% 0%, 100% 100%, 0% 100%); clip-path: polygon(0% 0%, 100% 0%, 100% 100%, 0% 100%); padding: 0.1em 0; } .text-anim--slide .text-anim__word { height: 100%; transform: translateY(-100%); } .text-anim--slide .text-anim__word--in, .text-anim--slide .text-anim__word--out { animation-duration: var(--text-anim-duration); animation-timing-function: cubic-bezier(0.34, 1.56, 0.64, 1); } .text-anim--slide .text-anim__word--in { animation-name: text-anim-slide-in; animation-fill-mode: forwards; } .text-anim--slide .text-anim__word--out { animation-name: text-anim-slide-out; } @-webkit-keyframes text-anim-slide-in { from { transform: translateY(-100%); } to { transform: translateY(0%); } } @keyframes text-anim-slide-in { from { transform: translateY(-100%); } to { transform: translateY(0%); } } @-webkit-keyframes text-anim-slide-out { from { transform: translateY(0%); } to { transform: translateY(100%); } } @keyframes text-anim-slide-out { from { transform: translateY(0%); } to { transform: translateY(100%); } }","footnotes":""},"class_list":["post-7923","page","type-page","status-publish","has-post-thumbnail","hentry"],"_links":{"self":[{"href":"https:\/\/seekyourdata.com\/fr\/wp-json\/wp\/v2\/pages\/7923","targetHints":{"allow":["GET"]}}],"collection":[{"href":"https:\/\/seekyourdata.com\/fr\/wp-json\/wp\/v2\/pages"}],"about":[{"href":"https:\/\/seekyourdata.com\/fr\/wp-json\/wp\/v2\/types\/page"}],"author":[{"embeddable":true,"href":"https:\/\/seekyourdata.com\/fr\/wp-json\/wp\/v2\/users\/22"}],"replies":[{"embeddable":true,"href":"https:\/\/seekyourdata.com\/fr\/wp-json\/wp\/v2\/comments?post=7923"}],"version-history":[{"count":0,"href":"https:\/\/seekyourdata.com\/fr\/wp-json\/wp\/v2\/pages\/7923\/revisions"}],"wp:featuredmedia":[{"embeddable":true,"href":"https:\/\/seekyourdata.com\/fr\/wp-json\/wp\/v2\/media\/7930"}],"wp:attachment":[{"href":"https:\/\/seekyourdata.com\/fr\/wp-json\/wp\/v2\/media?parent=7923"}],"curies":[{"name":"wp","href":"https:\/\/api.w.org\/{rel}","templated":true}]}}