{"id":7,"date":"2024-04-04T12:58:42","date_gmt":"2024-04-04T12:58:42","guid":{"rendered":"https:\/\/seekyourdata.com\/index.php\/cart\/"},"modified":"2024-04-04T12:58:42","modified_gmt":"2024-04-04T12:58:42","slug":"chariot","status":"publish","type":"page","link":"https:\/\/seekyourdata.com\/fr\/cart\/","title":{"rendered":"Chariot"},"content":{"rendered":"<div data-block-name=\"woocommerce\/cart\" class=\"wp-block-woocommerce-cart alignwide is-loading\">\n<div data-block-name=\"woocommerce\/filled-cart-block\" class=\"wp-block-woocommerce-filled-cart-block\">\n<div data-block-name=\"woocommerce\/cart-items-block\" class=\"wp-block-woocommerce-cart-items-block\">\n<div data-block-name=\"woocommerce\/cart-line-items-block\" class=\"wp-block-woocommerce-cart-line-items-block\"><\/div>\n\n\n\n<div data-block-name=\"woocommerce\/cart-cross-sells-block\" class=\"wp-block-woocommerce-cart-cross-sells-block\">\n<h2 class=\"wp-block-heading has-large-font-size\" id=\"you-may-be-interested-in\">Vous pourriez \u00eatre int\u00e9ress\u00e9 par...<\/h2>\n\n\n\n<div data-block-name=\"woocommerce\/cart-cross-sells-products-block\" class=\"wp-block-woocommerce-cart-cross-sells-products-block\"><\/div>\n<\/div>\n<\/div>\n\n\n\n<div data-block-name=\"woocommerce\/cart-totals-block\" class=\"wp-block-woocommerce-cart-totals-block\">\n<div data-block-name=\"woocommerce\/cart-order-summary-block\" class=\"wp-block-woocommerce-cart-order-summary-block\">\n<div data-block-name=\"woocommerce\/cart-order-summary-heading-block\" class=\"wp-block-woocommerce-cart-order-summary-heading-block\"><\/div>\n\n\n\n<div data-block-name=\"woocommerce\/cart-order-summary-coupon-form-block\" class=\"wp-block-woocommerce-cart-order-summary-coupon-form-block\"><\/div>\n\n\n\n<div data-block-name=\"woocommerce\/cart-order-summary-totals-block\" class=\"wp-block-woocommerce-cart-order-summary-totals-block\">\n<div data-block-name=\"woocommerce\/cart-order-summary-subtotal-block\" class=\"wp-block-woocommerce-cart-order-summary-subtotal-block\"><\/div>\n\n\n\n<div data-block-name=\"woocommerce\/cart-order-summary-fee-block\" class=\"wp-block-woocommerce-cart-order-summary-fee-block\"><\/div>\n\n\n\n<div data-block-name=\"woocommerce\/cart-order-summary-discount-block\" class=\"wp-block-woocommerce-cart-order-summary-discount-block\"><\/div>\n\n\n\n<div data-block-name=\"woocommerce\/cart-order-summary-shipping-block\" class=\"wp-block-woocommerce-cart-order-summary-shipping-block\"><\/div>\n\n\n\n<div data-block-name=\"woocommerce\/cart-order-summary-taxes-block\" class=\"wp-block-woocommerce-cart-order-summary-taxes-block\"><\/div>\n<\/div>\n<\/div>\n\n\n\n<div data-block-name=\"woocommerce\/cart-express-payment-block\" class=\"wp-block-woocommerce-cart-express-payment-block\"><\/div>\n\n\n\n<div data-block-name=\"woocommerce\/proceed-to-checkout-block\" class=\"wp-block-woocommerce-proceed-to-checkout-block\"><\/div>\n\n\n\n<div data-block-name=\"woocommerce\/cart-accepted-payment-methods-block\" class=\"wp-block-woocommerce-cart-accepted-payment-methods-block\"><\/div>\n\n\n\n<div data-block-name=\"woocommerce\/cart-order-summary-sumo-pp-order-paymentplan-block\" class=\"wp-block-woocommerce-cart-order-summary-sumo-pp-order-paymentplan-block\"><\/div>\n<\/div>\n<\/div>\n\n\n\n<div data-block-name=\"woocommerce\/empty-cart-block\" class=\"wp-block-woocommerce-empty-cart-block\">\n<h2 class=\"wp-block-heading has-text-align-center with-empty-cart-icon wc-block-cart__empty-cart__title\" id=\"your-cart-is-currently-empty\">Votre panier est actuellement vide !<\/h2>\n\n\n\n<hr class=\"wp-block-separator has-alpha-channel-opacity is-style-dots\"\/>\n\n\n\n<h2 class=\"wp-block-heading has-text-align-center\" id=\"new-in-store\">Nouveau en magasin<\/h2>\n\n\n<div data-block-name=\"woocommerce\/product-new\" data-columns=\"4\" data-rows=\"1\" class=\"wc-block-grid wp-block-product-new wp-block-woocommerce-product-new wc-block-product-new has-4-columns\"><ul class=\"wc-block-grid__products\"><li class=\"wc-block-grid__product\">\n\t\t\t\t<a href=\"https:\/\/seekyourdata.com\/fr\/shop\/services\/website-mg\/\" class=\"wc-block-grid__product-link\">\n\t\t\t\t\t\n\t\t\t\t\t<div class=\"wc-block-grid__product-image\"><img loading=\"lazy\" decoding=\"async\" width=\"300\" height=\"300\" src=\"https:\/\/seekyourdata.com\/wp-content\/uploads\/2024\/10\/wireframe-3baf2037-3a28-42fb-ad64-897b0f91c2ba_0-300x300.png\" class=\"attachment-woocommerce_thumbnail size-woocommerce_thumbnail\" alt=\"Site web MG\" srcset=\"https:\/\/seekyourdata.com\/wp-content\/uploads\/2024\/10\/wireframe-3baf2037-3a28-42fb-ad64-897b0f91c2ba_0-300x300.png 300w, https:\/\/seekyourdata.com\/wp-content\/uploads\/2024\/10\/wireframe-3baf2037-3a28-42fb-ad64-897b0f91c2ba_0-150x150.png 150w, https:\/\/seekyourdata.com\/wp-content\/uploads\/2024\/10\/wireframe-3baf2037-3a28-42fb-ad64-897b0f91c2ba_0-768x768.png 768w, https:\/\/seekyourdata.com\/wp-content\/uploads\/2024\/10\/wireframe-3baf2037-3a28-42fb-ad64-897b0f91c2ba_0-12x12.png 12w, https:\/\/seekyourdata.com\/wp-content\/uploads\/2024\/10\/wireframe-3baf2037-3a28-42fb-ad64-897b0f91c2ba_0-600x600.png 600w, https:\/\/seekyourdata.com\/wp-content\/uploads\/2024\/10\/wireframe-3baf2037-3a28-42fb-ad64-897b0f91c2ba_0-100x100.png 100w, https:\/\/seekyourdata.com\/wp-content\/uploads\/2024\/10\/wireframe-3baf2037-3a28-42fb-ad64-897b0f91c2ba_0.png 1024w\" sizes=\"auto, (max-width: 300px) 100vw, 300px\" \/><\/div>\n\t\t\t\t\t<div class=\"wc-block-grid__product-title\">Site web MG<\/div>\n\t\t\t\t<\/a>\n\t\t\t\t<div class=\"wc-block-grid__product-price price\"><\/div>\n\t\t\t\t\n\t\t\t\t<div class=\"wp-block-button wc-block-grid__product-add-to-cart\"><a href=\"https:\/\/seekyourdata.com\/fr\/shop\/services\/website-mg\/\" aria-label=\"Ajouter au panier\u00a0: \u201cWebsite MG\u201d\" data-quantity=\"1\" data-product_id=\"5411\" data-product_sku=\"\" data-price=\"590\" rel=\"nofollow\" class=\"wp-block-button__link wp-element-button add_to_cart_button\" data-no-translation-aria-label=\"\">Choisir le prix<\/a><\/div>\n\t\t\t<\/li><li class=\"wc-block-grid__product\">\n\t\t\t\t<a href=\"https:\/\/seekyourdata.com\/fr\/shop\/course\/travaux-pratiques-excel-en-2025\/\" class=\"wc-block-grid__product-link\">\n\t\t\t\t\t\n\t\t\t\t\t<div class=\"wc-block-grid__product-image\"><img loading=\"lazy\" decoding=\"async\" width=\"300\" height=\"300\" src=\"https:\/\/seekyourdata.com\/wp-content\/uploads\/woocommerce-placeholder-300x300.png\" class=\"woocommerce-placeholder wp-post-image\" alt=\"\" srcset=\"https:\/\/seekyourdata.com\/wp-content\/uploads\/woocommerce-placeholder-300x300.png 300w, https:\/\/seekyourdata.com\/wp-content\/uploads\/woocommerce-placeholder-100x100.png 100w, https:\/\/seekyourdata.com\/wp-content\/uploads\/woocommerce-placeholder-600x600.png 600w, https:\/\/seekyourdata.com\/wp-content\/uploads\/woocommerce-placeholder-1024x1024.png 1024w, https:\/\/seekyourdata.com\/wp-content\/uploads\/woocommerce-placeholder-150x150.png 150w, https:\/\/seekyourdata.com\/wp-content\/uploads\/woocommerce-placeholder-768x768.png 768w, https:\/\/seekyourdata.com\/wp-content\/uploads\/woocommerce-placeholder.png 1200w\" sizes=\"auto, (max-width: 300px) 100vw, 300px\" \/><\/div>\n\t\t\t\t\t<div class=\"wc-block-grid__product-title\">+20 Travaux pratiques - Excel en 2025<\/div>\n\t\t\t\t<\/a>\n\t\t\t\t<div class=\"wc-block-grid__product-price price\"><span class=\"woocommerce-Price-amount amount\">14,99&nbsp;<span class=\"woocommerce-Price-currencySymbol\">\u20ac<\/span><\/span><\/div>\n\t\t\t\t\n\t\t\t\t<div class=\"wp-block-button wc-block-grid__product-add-to-cart\"><a href=\"\/fr\/wp-json\/wp\/v2\/pages\/7?add-to-cart=4433\" aria-label=\"Ajouter au panier\u00a0: \u201c+20 Travaux pratiques - Excel en 2025\u201d\" data-quantity=\"1\" data-product_id=\"4433\" data-product_sku=\"\" data-price=\"14.99\" rel=\"nofollow\" class=\"wp-block-button__link wp-element-button add_to_cart_button ajax_add_to_cart\" data-no-translation=\"\" data-trp-gettext=\"\" data-no-translation-aria-label=\"\">Ajouter au panier<\/a><\/div>\n\t\t\t<\/li><li class=\"wc-block-grid__product\">\n\t\t\t\t<a href=\"https:\/\/seekyourdata.com\/fr\/shop\/services\/web-hosting-high-performance-server\/\" class=\"wc-block-grid__product-link\">\n\t\t\t\t\t\n\t\t\t\t\t<div class=\"wc-block-grid__product-image\"><img loading=\"lazy\" decoding=\"async\" width=\"300\" height=\"300\" src=\"https:\/\/seekyourdata.com\/wp-content\/uploads\/2025\/01\/Web-Hosting-by-Performance-Server-from-Europe-and-USA-300x300.webp\" class=\"attachment-woocommerce_thumbnail size-woocommerce_thumbnail\" alt=\"serveur d&#039;h\u00e9bergement et de performance\" srcset=\"https:\/\/seekyourdata.com\/wp-content\/uploads\/2025\/01\/Web-Hosting-by-Performance-Server-from-Europe-and-USA-300x300.webp 300w, https:\/\/seekyourdata.com\/wp-content\/uploads\/2025\/01\/Web-Hosting-by-Performance-Server-from-Europe-and-USA-768x768.webp 768w, https:\/\/seekyourdata.com\/wp-content\/uploads\/2025\/01\/Web-Hosting-by-Performance-Server-from-Europe-and-USA-12x12.webp 12w, https:\/\/seekyourdata.com\/wp-content\/uploads\/2025\/01\/Web-Hosting-by-Performance-Server-from-Europe-and-USA-60x60.webp 60w, https:\/\/seekyourdata.com\/wp-content\/uploads\/2025\/01\/Web-Hosting-by-Performance-Server-from-Europe-and-USA-110x110.webp 110w, https:\/\/seekyourdata.com\/wp-content\/uploads\/2025\/01\/Web-Hosting-by-Performance-Server-from-Europe-and-USA-600x600.webp 600w, https:\/\/seekyourdata.com\/wp-content\/uploads\/2025\/01\/Web-Hosting-by-Performance-Server-from-Europe-and-USA-100x100.webp 100w, https:\/\/seekyourdata.com\/wp-content\/uploads\/2025\/01\/Web-Hosting-by-Performance-Server-from-Europe-and-USA-200x200.webp 200w, https:\/\/seekyourdata.com\/wp-content\/uploads\/2025\/01\/Web-Hosting-by-Performance-Server-from-Europe-and-USA.webp 1024w\" sizes=\"auto, (max-width: 300px) 100vw, 300px\" \/><\/div>\n\t\t\t\t\t<div class=\"wc-block-grid__product-title\">H\u00e9bergement web (serveur de haute performance)<\/div>\n\t\t\t\t<\/a>\n\t\t\t\t<div class=\"wc-block-grid__product-price price\"><\/div>\n\t\t\t\t\n\t\t\t\t<div class=\"wp-block-button wc-block-grid__product-add-to-cart\"><a href=\"https:\/\/seekyourdata.com\/fr\/shop\/services\/web-hosting-high-performance-server\/\" aria-label=\"Ajouter au panier\u00a0: \u201cWeb Hosting (High Performance Server)\u201d\" data-quantity=\"1\" data-product_id=\"4326\" data-product_sku=\"\" data-price=\"100\" rel=\"nofollow\" class=\"wp-block-button__link wp-element-button add_to_cart_button\" data-no-translation-aria-label=\"\">Choisir le prix<\/a><\/div>\n\t\t\t<\/li><li class=\"wc-block-grid__product\">\n\t\t\t\t<a href=\"https:\/\/seekyourdata.com\/fr\/shop\/services\/website-with-premade-template\/\" class=\"wc-block-grid__product-link\">\n\t\t\t\t\t\n\t\t\t\t\t<div class=\"wc-block-grid__product-image\"><img loading=\"lazy\" decoding=\"async\" width=\"300\" height=\"300\" src=\"https:\/\/seekyourdata.com\/wp-content\/uploads\/2024\/10\/wireframe-3baf2037-3a28-42fb-ad64-897b0f91c2ba_0-300x300.png\" class=\"attachment-woocommerce_thumbnail size-woocommerce_thumbnail\" alt=\"Site web avec Th\u00e8me pr\u00e9d\u00e9fini\" srcset=\"https:\/\/seekyourdata.com\/wp-content\/uploads\/2024\/10\/wireframe-3baf2037-3a28-42fb-ad64-897b0f91c2ba_0-300x300.png 300w, https:\/\/seekyourdata.com\/wp-content\/uploads\/2024\/10\/wireframe-3baf2037-3a28-42fb-ad64-897b0f91c2ba_0-150x150.png 150w, https:\/\/seekyourdata.com\/wp-content\/uploads\/2024\/10\/wireframe-3baf2037-3a28-42fb-ad64-897b0f91c2ba_0-768x768.png 768w, https:\/\/seekyourdata.com\/wp-content\/uploads\/2024\/10\/wireframe-3baf2037-3a28-42fb-ad64-897b0f91c2ba_0-12x12.png 12w, https:\/\/seekyourdata.com\/wp-content\/uploads\/2024\/10\/wireframe-3baf2037-3a28-42fb-ad64-897b0f91c2ba_0-600x600.png 600w, https:\/\/seekyourdata.com\/wp-content\/uploads\/2024\/10\/wireframe-3baf2037-3a28-42fb-ad64-897b0f91c2ba_0-100x100.png 100w, https:\/\/seekyourdata.com\/wp-content\/uploads\/2024\/10\/wireframe-3baf2037-3a28-42fb-ad64-897b0f91c2ba_0.png 1024w\" sizes=\"auto, (max-width: 300px) 100vw, 300px\" \/><\/div>\n\t\t\t\t\t<div class=\"wc-block-grid__product-title\">Site web avec Th\u00e8me pr\u00e9d\u00e9fini<\/div>\n\t\t\t\t<\/a>\n\t\t\t\t<div class=\"wc-block-grid__product-price price\"><\/div>\n\t\t\t\t\n\t\t\t\t<div class=\"wp-block-button wc-block-grid__product-add-to-cart\"><a href=\"https:\/\/seekyourdata.com\/fr\/shop\/services\/website-with-premade-template\/\" aria-label=\"Ajouter au panier\u00a0: \u201cWebsite with PreMade Template\u201d\" data-quantity=\"1\" data-product_id=\"3589\" data-product_sku=\"\" data-price=\"590\" rel=\"nofollow\" class=\"wp-block-button__link wp-element-button add_to_cart_button\" data-no-translation-aria-label=\"\">Choisir le prix<\/a><\/div>\n\t\t\t<\/li><\/ul><\/div><\/div>\n<\/div>","protected":false},"excerpt":{"rendered":"","protected":false},"author":22,"featured_media":0,"parent":0,"menu_order":6,"comment_status":"closed","ping_status":"closed","template":"","meta":{"_seopress_robots_primary_cat":"","_seopress_titles_title":"","_seopress_titles_desc":"","_seopress_robots_index":"","_gspb_post_css":"","footnotes":""},"class_list":["post-7","page","type-page","status-publish","hentry"],"_links":{"self":[{"href":"https:\/\/seekyourdata.com\/fr\/wp-json\/wp\/v2\/pages\/7","targetHints":{"allow":["GET"]}}],"collection":[{"href":"https:\/\/seekyourdata.com\/fr\/wp-json\/wp\/v2\/pages"}],"about":[{"href":"https:\/\/seekyourdata.com\/fr\/wp-json\/wp\/v2\/types\/page"}],"author":[{"embeddable":true,"href":"https:\/\/seekyourdata.com\/fr\/wp-json\/wp\/v2\/users\/22"}],"replies":[{"embeddable":true,"href":"https:\/\/seekyourdata.com\/fr\/wp-json\/wp\/v2\/comments?post=7"}],"version-history":[{"count":0,"href":"https:\/\/seekyourdata.com\/fr\/wp-json\/wp\/v2\/pages\/7\/revisions"}],"wp:attachment":[{"href":"https:\/\/seekyourdata.com\/fr\/wp-json\/wp\/v2\/media?parent=7"}],"curies":[{"name":"wp","href":"https:\/\/api.w.org\/{rel}","templated":true}]}}