{"id":3498,"date":"2024-09-18T12:09:18","date_gmt":"2024-09-18T09:09:18","guid":{"rendered":"https:\/\/seekyourdata.com\/?page_id=3498"},"modified":"2024-09-18T12:09:18","modified_gmt":"2024-09-18T09:09:18","slug":"support-informatique-gratuit","status":"publish","type":"page","link":"https:\/\/seekyourdata.com\/fr\/free-it-helpdesk\/","title":{"rendered":"Nous HelpDesk gratuitement"},"content":{"rendered":"<div class=\"wp-block-greenshift-blocks-row gspb_row gspb_row-id-gsbp-2acf6bb\" id=\"gspb_row-id-gsbp-2acf6bb\"><div class=\"gspb_row__content\"> \n<div class=\"wp-block-greenshift-blocks-row-column gspb_row__col--6 gspb_col-id-gsbp-b179833\" id=\"gspb_col-id-gsbp-b179833\">\n<div class=\"wp-block-greenshift-blocks-container gspb_container gspb_container-gsbp-9aa4930\" id=\"gspb_container-id-gsbp-9aa4930\">\n<div class=\"wp-block-greenshift-blocks-container gspb_container gspb_container-gsbp-d6217ce\" id=\"gspb_container-id-gsbp-d6217ce\">\n<div class=\"wp-block-greenshift-blocks-container gspb_container gspb_container-gsbp-3b0ec5b\" id=\"gspb_container-id-gsbp-3b0ec5b\">\n<p class=\"has-inputtext-color has-text-color has-link-color wp-elements-bbe4a8775850b60be72b5494bf9e6037\" style=\"line-height:1.5\"><strong>Contact<\/strong><\/p>\n<\/div>\n<\/div>\n\n\n\n<div class=\"wp-block-greenshift-blocks-container gspb_container gspb_container-gsbp-705ec57\" id=\"gspb_container-id-gsbp-705ec57\"><div class=\"forminator-ui forminator-custom-form forminator-custom-form-3497 forminator-design--material forminator-enclosed forminator_ajax\" data-forminator-render=\"0\" data-form=\"forminator-module-3497\" data-uid=\"69e60a244784f\"><br\/><\/div><form\r\n\t\t\t\tid=\"forminator-module-3497\"\r\n\t\t\t\tclass=\"forminator-ui forminator-custom-form forminator-custom-form-3497 forminator-design--material forminator-enclosed forminator_ajax\"\r\n\t\t\t\tmethod=\"post\"\r\n\t\t\t\tdata-forminator-render=\"0\"\r\n\t\t\t\tdata-form-id=\"3497\"\r\n\t\t\t\tenctype=\"multipart\/form-data\" data-color-option=\"default\" data-design=\"material\" data-grid=\"enclosed\" style=\"display: none;\"\r\n\t\t\t\tdata-uid=\"69e60a244784f\" action=\"\"\r\n\t\t\t><div role=\"alert\" aria-live=\"polite\" class=\"forminator-response-message forminator-error\" aria-hidden=\"true\"><\/div><div class=\"forminator-row\"><div id=\"name-1\" class=\"forminator-field-name forminator-col forminator-col-6\"><div class=\"forminator-field\"><label for=\"forminator-field-name-1_69e60a244784f\" id=\"forminator-field-name-1_69e60a244784f-label\" class=\"forminator-label\">Pr\u00e9nom <span class=\"forminator-required\">*<\/span><\/label><input type=\"text\" name=\"name-1\" value=\"\" placeholder=\"Ex: Alain\" id=\"forminator-field-name-1_69e60a244784f\" class=\"forminator-input forminator-name--field\" aria-required=\"true\" autocomplete=\"name\" \/><\/div><\/div><div id=\"email-1\" class=\"forminator-field-email forminator-col forminator-col-6\"><div class=\"forminator-field\"><label for=\"forminator-field-email-1_69e60a244784f\" id=\"forminator-field-email-1_69e60a244784f-label\" class=\"forminator-label\">Adresse Email <span class=\"forminator-required\">*<\/span><\/label><input type=\"email\" name=\"email-1\" value=\"\" placeholder=\"Ex: jean@don.com\" id=\"forminator-field-email-1_69e60a244784f\" class=\"forminator-input forminator-email--field\" data-required=\"true\" aria-required=\"true\" autocomplete=\"email\" \/><\/div><\/div><\/div><div class=\"forminator-row\"><div id=\"phone-1\" class=\"forminator-field-phone forminator-col forminator-col-12\"><div class=\"forminator-field\"><label for=\"forminator-field-phone-1_69e60a244784f\" id=\"forminator-field-phone-1_69e60a244784f-label\" class=\"forminator-label\">Num\u00e9ro de t\u00e9l\u00e9phone<\/label><input type=\"text\" name=\"phone-1\" value=\"\" placeholder=\"Ex: +33 1 23 45 67 89\" id=\"forminator-field-phone-1_69e60a244784f\" class=\"forminator-input forminator-field--phone\" data-required=\"\" aria-required=\"false\" autocomplete=\"off\" \/><\/div><\/div><\/div><div class=\"forminator-row\"><div id=\"textarea-1\" class=\"forminator-field-textarea forminator-col forminator-col-12\"><div class=\"forminator-field\"><label for=\"forminator-field-textarea-1_69e60a244784f\" id=\"forminator-field-textarea-1_69e60a244784f-label\" class=\"forminator-label\">A propos de votre Projet <span class=\"forminator-required\">*<\/span><\/label><textarea name=\"textarea-1\" placeholder=\"Parlez-nous de vos aspirations et des projets \u00e0 venir\" id=\"forminator-field-textarea-1_69e60a244784f\" class=\"forminator-textarea\" rows=\"6\" style=\"min-height:120px;\" maxlength=\"300\" ><\/textarea><span id=\"forminator-field-textarea-1_69e60a244784f-description\" class=\"forminator-description\"><span data-limit=\"300\" data-type=\"characters\" data-editor=\"\">0 \/ 300<\/span><\/span><\/div><\/div><\/div><div class=\"forminator-row\"><div id=\"upload-1\" class=\"forminator-field-upload forminator-col forminator-col-12\"><div class=\"forminator-field\"><label for=\"forminator-field-upload-1_69e60a244784f\" id=\"forminator-field-upload-1_69e60a244784f-label\" class=\"forminator-label\">Uploadez votre fichier<\/label><div class=\"forminator-file-upload\" data-element=\"upload-1_69e60a244784f\" aria-describedby=\"forminator-field-upload-1_69e60a244784f-description\"><input type=\"file\" name=\"upload-1\" id=\"forminator-field-upload-1_69e60a244784f\" class=\"forminator-input-file\" accept=\".jpg,.jpeg,.jpe,.gif,.png,.bmp,.tiff,.tif,.webp,.avif,.ico,.heic,.asf,.asx,.wmv,.wmx,.wm,.avi,.divx,.flv,.mov,.qt,.mpeg,.mpg,.mpe,.mp4,.m4v,.ogv,.webm,.mkv,.3gp,.3gpp,.3g2,.3gp2,.txt,.asc,.c,.cc,.h,.srt,.csv,.tsv,.ics,.rtx,.vtt,.mp3,.m4a,.m4b,.aac,.ra,.ram,.wav,.ogg,.oga,.flac,.mid,.midi,.wma,.wax,.mka,.rtf,.pdf,.class,.tar,.zip,.gz,.gzip,.7z,.psd,.xcf,.doc,.pot,.pps,.ppt,.wri,.xla,.xls,.xlt,.xlw,.mdb,.mpp,.docx,.docm,.dotx,.dotm,.xlsx,.xlsm,.xlsb,.xltx,.xltm,.xlam,.pptx,.pptm,.ppsx,.ppsm,.potx,.potm,.ppam,.sldx,.sldm,.onetoc,.onetoc2,.onetmp,.onepkg,.oxps,.xps,.odt,.odp,.ods,.odg,.odc,.odb,.odf,.wp,.wpd,.key,.numbers,.pages,.txt,.glb,.usdz,.splinecode,.gltf,.riv,.lottie\" tabindex=\"-1\"><button id=\"forminator-field-upload-1_69e60a244784f_button\" class=\"forminator-button forminator-button-upload\" data-id=\"forminator-field-upload-1_69e60a244784f\">Uploadez un fichier<\/button><span data-empty-text=\"Aucun fichier s\u00e9lectionn\u00e9\">Aucun fichier s\u00e9lectionn\u00e9<\/span><button class=\"forminator-button-delete\" style=\"display: none;\"><i class=\"forminator-icon-close\" aria-hidden=\"true\"><\/i><span class=\"forminator-screen-reader-only\">Supprimer le fichier t\u00e9l\u00e9vers\u00e9<\/span><\/button><\/div><span id=\"forminator-field-upload-1_69e60a244784f-description\" class=\"forminator-description\">Transmettez votre fichier ici<\/span><\/div><\/div><\/div><div class=\"forminator-row\"><div id=\"html-1\" class=\"forminator-field-html forminator-col forminator-col-12\"><div class=\"forminator-field forminator-merge-tags\" data-field=\"html-1\"><p><em><span style=\"color: #808080\">Merci, nous vous r\u00e9pondrons par courriel \u00e0 l'adresse \u2709\ufe0e, <span style=\"text-decoration: underline\"><a rel=\"noopener\" target=\"_blank\" href=\"https:\/\/seekyourdata.com\/fr\/blog-news\/\"><span style=\"color: #333399;text-decoration: underline\">\u00e0 bient\u00f4t !<\/span><\/a><\/span><\/span><\/em><\/p><\/div><\/div><\/div><input type=\"hidden\" name=\"referer_url\" value=\"\" \/><div class=\"forminator-row forminator-row-last\"><div class=\"forminator-col\"><div class=\"forminator-field\"><button class=\"forminator-button forminator-button-submit\"><span>Envoyer<\/span><span aria-hidden=\"true\"><\/span><\/button><\/div><\/div><\/div><input type=\"hidden\" id=\"forminator_nonce\" name=\"forminator_nonce\" value=\"3c5320294e\" \/><input type=\"hidden\" name=\"_wp_http_referer\" value=\"\/fr\/wp-json\/wp\/v2\/pages\/3498\" \/><input type=\"hidden\" name=\"form_id\" value=\"3497\"><input type=\"hidden\" name=\"page_id\" value=\"3498\"><input type=\"hidden\" name=\"form_type\" value=\"default\"><input type=\"hidden\" name=\"current_url\" value=\"https:\/\/seekyourdata.com\/fr\/free-it-helpdesk\/\"><input type=\"hidden\" name=\"render_id\" value=\"0\"><input type=\"hidden\" name=\"action\" value=\"forminator_submit_form_custom-forms\"><label for=\"input_6\" class=\"forminator-hidden\" aria-hidden=\"true\">Veuillez ne pas remplir ce champ. <input id=\"input_6\" type=\"text\" name=\"input_6\" value=\"\" autocomplete=\"off\"><\/label><input type=\"hidden\" name=\"trp-form-language\" value=\"fr\"\/><\/form>\n<\/div>\n<\/div>\n<\/div>\n\n\n\n<div class=\"wp-block-greenshift-blocks-row-column gspb_row__col--6 gspb_col-id-gsbp-d8ab3db\" id=\"gspb_col-id-gsbp-d8ab3db\">\n<div class=\"gsbp-4c3b586\">\n<div class=\"gsbp-7907f79\">\n<h1 class=\"wp-block-heading has-max-huge-font-size\" id=\"helpdesk-for-free\" style=\"line-height:1.2\">Support Informatique Gratuit<\/h1>\n<\/div>\n\n\n\n<div class=\"gsbp-f9d9f4d\">\n<div class=\"gsbp-8627e8c\">\n<h4 id=\"gspb_heading-id-gsbp-df07082\" class=\"gspb_heading gspb_heading-id-gsbp-df07082\"><span class=\"text-anim text-anim--slide js-text-anim\">Nous vous aiderons sur <span class=\"text-anim__wrapper js-text-anim__wrapper\"><span class=\"text-anim__word js-text-anim__word text-anim__word--in\">Excel<\/span><span class=\"text-anim__word js-text-anim__word\">UX.UI Design<\/span><span class=\"text-anim__word js-text-anim__word\">l'id\u00e9ation de votre projet<\/span><span class=\"text-anim__word js-text-anim__word\">les Agents IA<\/span><\/span><\/span> !<\/h4>\n\n\n\n<h4 id=\"gspb_heading-id-gsbp-b01133c\" class=\"gspb_heading gspb_heading-id-gsbp-b01133c\"><span class=\"text-anim text-anim--slide js-text-anim\">Nous vous aiderons sur <span class=\"text-anim__wrapper js-text-anim__wrapper\"><span class=\"text-anim__word js-text-anim__word text-anim__word--in\">les meilleures solutions Data<\/span><span class=\"text-anim__word js-text-anim__word\">votre UI.UX Design<\/span><span class=\"text-anim__word js-text-anim__word\">solutions d'IA<\/span><\/span><\/span> !<\/h4>\n<\/div>\n\n\n\n<div class=\"wp-block-greenshift-blocks-container gspb_container gspb_container-gsbp-e64330b gspb-hoverparent-58\" id=\"gspb_container-id-gsbp-e64330b\"><a class=\"gspb-containerlink\" href=\"https:\/\/g.page\/r\/CW37DYSdaZoWEAI\/review\" rel=\"noopener\"><\/a>\n<p>Laissez \u2b50\u2b50\u2b50\u2b50\u2b50 et devenez le moteur de votre d\u00e9veloppement ! <strong>Nous vous offrons 1H de HelpDesk gratuit!<\/strong><\/p>\n\n\n\n<div class=\"gsbp-83758b6\">\n<div id=\"gspb_text-id-gsbp-f0bee36\" class=\"gspb_text gspb_text-id-gsbp-f0bee36\">S'aider mutuellement<\/div>\n\n\n\n<div class=\"wp-block-greenshift-blocks-iconbox gspb_iconBox gspb_iconBox-id-gsbp-f668ec2\" id=\"gspb_iconBox-id-gsbp-f668ec2\"><div class=\"gspb_iconBox__wrapper\" style=\"display:inline-flex\"><svg class=\"\" style=\"display:inline-block;vertical-align:middle\" width=\"72\" height=\"72\" viewbox=\"0 0 896 1024\" xmlns=\"http:\/\/www.w3.org\/2000\/svg\"><path style=\"fill:#565D66\" d=\"M436.202 76.202l-39.598 39.598c-9.372 9.372-9.372 24.568 0 33.942l310.26 310.258h-682.864c-13.254 0-24 10.746-24 24v56c0 13.254 10.746 24 24 24h682.864l-310.26 310.26c-9.372 9.372-9.372 24.568 0 33.942l39.598 39.598c9.372 9.372 24.568 9.372 33.942 0l418.828-418.828c9.372-9.372 9.372-24.568 0-33.942l-418.83-418.828c-9.372-9.374-24.568-9.374-33.94 0z\"><\/path><\/svg><\/div><\/div>\n<\/div>\n<\/div>\n<\/div>\n<\/div>\n<\/div>\n <\/div><\/div>\n\n\n\n<p><\/p>","protected":false},"excerpt":{"rendered":"","protected":false},"author":22,"featured_media":3526,"parent":0,"menu_order":2,"comment_status":"closed","ping_status":"closed","template":"normal-1","meta":{"_seopress_robots_primary_cat":"","_seopress_titles_title":"","_seopress_titles_desc":"We help NGOs for free! Let's talk about your data and design project; how can we assist you? We'll be happy to help you solve your problems!","_seopress_robots_index":"","_gspb_post_css":"#gspb_row-id-gsbp-2acf6bb{justify-content: space-between;margin-top: 0px;margin-bottom: 0px;display: flex;flex-wrap: wrap;}#gspb_row-id-gsbp-2acf6bb > .gspb_row__content {display: flex;justify-content: space-between;margin: 0 auto;width: 100%;flex-wrap: wrap;}.gspb_row{position:relative;}div[id^=gspb_col-id]{box-sizing:border-box;position:relative;}div[id^=gspb_col-id]{padding:var(--gs-row-column-padding, 15px min(3vw, 20px));}body.gspb-bodyfront #gspb_row-id-gsbp-2acf6bb > .gspb_row__content{max-width:var(--wp--style--global--wide-size, 1200px);}#gspb_row-id-gsbp-2acf6bb{margin-top:-40px;}#gspb_col-id-gsbp-b179833.gspb_row__col--6{width:50%;}@media (max-width: 575.98px){#gspb_col-id-gsbp-b179833.gspb_row__col--6{width:100%;}}@media (min-width:992px){body.gspb-bodyfront #gspb_col-id-gsbp-b179833.gspb_row__col--6{width:calc(57% - 0px - 0px)}}@media (min-width: 576px) and (max-width: 991.98px){body.gspb-bodyfront #gspb_col-id-gsbp-b179833.gspb_row__col--6{width:calc(60% - 0px - 0px)}}@media (min-width: 576px) and (max-width: 767.98px){body.gspb-bodyfront #gspb_col-id-gsbp-b179833.gspb_row__col--6{width:calc(100% - 0px - 0px)}}.gspb_container-id-gsbp-9aa4930{flex-direction: column;box-sizing: border-box;}#gspb_container-id-gsbp-9aa4930.gspb_container > p:last-of-type{margin-bottom:0}#gspb_container-id-gsbp-9aa4930.gspb_container{position:relative;}@media (max-width: 767.98px){body.gspb-bodyfront #gspb_container-id-gsbp-9aa4930.gspb_container{order:2;}}body.gspb-bodyfront #gspb_container-id-gsbp-9aa4930.gspb_container{grid-column-start:1;grid-column-end:2;grid-row-start:1;grid-row-end:2;}#gspb_container-id-gsbp-9aa4930.gspb_container{padding-right:12px;padding-left:12px;}#gspb_container-id-gsbp-9aa4930.gspb_container{border-top-left-radius:16px;border-top-right-radius:16px;border-bottom-right-radius:16px;border-bottom-left-radius:16px;}#gspb_container-id-gsbp-9aa4930.gspb_container{border-style:solid;border-width:1px;border-color:var(--wp--preset--color--lightborder, #cecece6b);}#gspb_container-id-gsbp-9aa4930.gspb_container > .gspb_backgroundOverlay{border-top-left-radius:16px;border-top-right-radius:16px;border-bottom-right-radius:16px;border-bottom-left-radius:16px;}#gspb_container-id-gsbp-9aa4930.gspb_container{background-color:#f4f5f721;}.gspb_container-id-gsbp-d6217ce{flex-direction: column;box-sizing: border-box;}#gspb_container-id-gsbp-d6217ce.gspb_container > p:last-of-type{margin-bottom:0}#gspb_container-id-gsbp-d6217ce.gspb_container{position:relative;} @media (max-width: 575.98px){ body.gspb-bodyfront #gspb_container-id-gsbp-d6217ce.gspb_container { display: none !important; } } @media (min-width: 576px) and (max-width: 767.98px){ body.gspb-bodyfront #gspb_container-id-gsbp-d6217ce.gspb_container { display: none !important; } }#gspb_container-id-gsbp-d6217ce.gspb_container{padding-top:10px;padding-bottom:10px;}.gspb_container-id-gsbp-3b0ec5b{flex-direction: column;box-sizing: border-box;}#gspb_container-id-gsbp-3b0ec5b.gspb_container > p:last-of-type{margin-bottom:0}#gspb_container-id-gsbp-3b0ec5b.gspb_container{position:relative;}.gspb_container-id-gsbp-705ec57{flex-direction: column;box-sizing: border-box;}#gspb_container-id-gsbp-705ec57.gspb_container > p:last-of-type{margin-bottom:0}#gspb_container-id-gsbp-705ec57.gspb_container{position:relative;}#gspb_container-id-gsbp-705ec57.gspb_container{padding-bottom:8px;}#gspb_col-id-gsbp-d8ab3db.gspb_row__col--6{width:50%;}@media (max-width: 575.98px){#gspb_col-id-gsbp-d8ab3db.gspb_row__col--6{width:100%;}}@media (min-width:992px){body.gspb-bodyfront #gspb_col-id-gsbp-d8ab3db.gspb_row__col--6{width:calc(43% - 0px - 0px)}}@media (min-width: 576px) and (max-width: 991.98px){body.gspb-bodyfront #gspb_col-id-gsbp-d8ab3db.gspb_row__col--6{width:calc(40% - 0px - 0px)}}@media (min-width: 576px) and (max-width: 767.98px){body.gspb-bodyfront #gspb_col-id-gsbp-d8ab3db.gspb_row__col--6{width:calc(100% - 0px - 0px)}}@media (max-width: 991.98px){#gspb_col-id-gsbp-d8ab3db.gspb_row__col--6{order:-1;}}@media (max-width: 767.98px){#gspb_col-id-gsbp-d8ab3db.gspb_row__col--6{order:-1;}}.gsbp-4c3b586{margin-top:-36px;margin-bottom:-50px;}.gsbp-7907f79{margin-bottom:-20px;}.gsbp-f9d9f4d{padding-bottom:20px;}.gsbp-8627e8c{min-height:96px;}#gspb_heading-id-gsbp-df07082{margin-top:0px;margin-right:0px;margin-bottom:0px;margin-left:0px;} @media (max-width: 575.98px){ body #gspb_heading-id-gsbp-df07082 { display: none !important; } } @media (min-width: 576px) and (max-width: 767.98px){ body #gspb_heading-id-gsbp-df07082 { display: none !important; } }#gspb_heading-id-gsbp-df07082 .text-anim__word{background-image: linear-gradient(to bottom right,var(--wp--preset--color--primary) 0%,var(--wp--preset--color--secondary) 100%);-webkit-background-clip: text;-webkit-text-fill-color: transparent;} .text-anim__wrapper {position: relative;display: inline-block;} .text-anim__word {position: absolute;top: 0;left: 0;z-index: 1;display: inline-block;} .text-anim__word--in {position: relative;z-index: 2;} #gspb_heading-id-gsbp-df07082 .text-anim--slide { --text-anim-duration: 0.2s; --text-anim-pause: 2s; } .text-anim--slide .text-anim__wrapper { -webkit-clip-path: polygon(0% 0%, 100% 0%, 100% 100%, 0% 100%); clip-path: polygon(0% 0%, 100% 0%, 100% 100%, 0% 100%); padding: 0.1em 0; } .text-anim--slide .text-anim__word { height: 100%; transform: translateY(-100%); } .text-anim--slide .text-anim__word--in, .text-anim--slide .text-anim__word--out { animation-duration: var(--text-anim-duration); animation-timing-function: cubic-bezier(0.34, 1.56, 0.64, 1); } .text-anim--slide .text-anim__word--in { animation-name: text-anim-slide-in; animation-fill-mode: forwards; } .text-anim--slide .text-anim__word--out { animation-name: text-anim-slide-out; } @-webkit-keyframes text-anim-slide-in { from { transform: translateY(-100%); } to { transform: translateY(0%); } } @keyframes text-anim-slide-in { from { transform: translateY(-100%); } to { transform: translateY(0%); } } @-webkit-keyframes text-anim-slide-out { from { transform: translateY(0%); } to { transform: translateY(100%); } } @keyframes text-anim-slide-out { from { transform: translateY(0%); } to { transform: translateY(100%); } } #gspb_heading-id-gsbp-b01133c{margin-top:0px;margin-right:0px;margin-bottom:0px;margin-left:0px;} @media (min-width: 768px) and (max-width: 991.98px){ body #gspb_heading-id-gsbp-b01133c { display: none !important; } } @media (min-width: 992px){ body #gspb_heading-id-gsbp-b01133c { display: none !important; } }#gspb_heading-id-gsbp-b01133c .text-anim__word{background-image: linear-gradient(to bottom right,var(--wp--preset--color--primary) 0%,var(--wp--preset--color--secondary) 100%);-webkit-background-clip: text;-webkit-text-fill-color: transparent;} .text-anim__wrapper {position: relative;display: inline-block;} .text-anim__word {position: absolute;top: 0;left: 0;z-index: 1;display: inline-block;} .text-anim__word--in {position: relative;z-index: 2;} #gspb_heading-id-gsbp-b01133c .text-anim--slide { --text-anim-duration: 0.2s; --text-anim-pause: 2s; } .text-anim--slide .text-anim__wrapper { -webkit-clip-path: polygon(0% 0%, 100% 0%, 100% 100%, 0% 100%); clip-path: polygon(0% 0%, 100% 0%, 100% 100%, 0% 100%); padding: 0.1em 0; } .text-anim--slide .text-anim__word { height: 100%; transform: translateY(-100%); } .text-anim--slide .text-anim__word--in, .text-anim--slide .text-anim__word--out { animation-duration: var(--text-anim-duration); animation-timing-function: cubic-bezier(0.34, 1.56, 0.64, 1); } .text-anim--slide .text-anim__word--in { animation-name: text-anim-slide-in; animation-fill-mode: forwards; } .text-anim--slide .text-anim__word--out { animation-name: text-anim-slide-out; } @-webkit-keyframes text-anim-slide-in { from { transform: translateY(-100%); } to { transform: translateY(0%); } } @keyframes text-anim-slide-in { from { transform: translateY(-100%); } to { transform: translateY(0%); } } @-webkit-keyframes text-anim-slide-out { from { transform: translateY(0%); } to { transform: translateY(100%); } } @keyframes text-anim-slide-out { from { transform: translateY(0%); } to { transform: translateY(100%); } } .gspb_container-id-gsbp-e64330b{flex-direction: column;box-sizing: border-box;}#gspb_container-id-gsbp-e64330b.gspb_container > p:last-of-type{margin-bottom:0}#gspb_container-id-gsbp-e64330b.gspb_container{position:relative;}#gspb_container-id-gsbp-e64330b.gspb_container{margin-bottom:36px;padding-top:1px;padding-right:12px;padding-bottom:12px;padding-left:12px;}#gspb_container-id-gsbp-e64330b.gspb_container{border-top-left-radius:12px;border-top-right-radius:12px;border-bottom-right-radius:12px;border-bottom-left-radius:12px;}#gspb_container-id-gsbp-e64330b.gspb_container > .gspb_backgroundOverlay{border-top-left-radius:12px;border-top-right-radius:12px;border-bottom-right-radius:12px;border-bottom-left-radius:12px;}#gspb_container-id-gsbp-e64330b.gspb_container{background-image:linear-gradient(135deg,rgba(7,146,227,0.63) 0%,rgba(81,196,224,0.61) 100%);}#gspb_container-id-gsbp-e64330b.gspb_container:hover{background-image:linear-gradient(45deg,rgb(77,255,225) 0%,rgb(95,182,253) 52%,rgb(42,179,250) 90%);}#gspb_container-id-gsbp-e64330b.gspb_container .gspb-containerlink{position:absolute;top:0; left:0; right:0; bottom:0; z-index:1}.gsbp-83758b6{margin-top:12px;display:inline-flex;padding-left:12px;background-color:#033f70;align-items:center;border-top-left-radius:8px;border-top-right-radius:40px;border-bottom-right-radius:40px;border-bottom-left-radius:8px;background-image:linear-gradient(45deg,rgb(10,42,68) 4%,rgb(11,70,118) 52%,rgb(3,63,112) 89%);}.gspb_text-id-gsbp-f0bee36{color:var(--wp--preset--color--contrastcolor, #fffffe);}.gspb_text-id-gsbp-f0bee36{margin-top:0px!important;}#gspb_iconBox-id-gsbp-f668ec2 svg{width: 72px;}#gspb_iconBox-id-gsbp-f668ec2{justify-content:center;display:flex;}#gspb_iconBox-id-gsbp-f668ec2 svg{height:18px!important;width:18px!important;min-width:18px!important;}#gspb_iconBox-id-gsbp-f668ec2 svg, #gspb_iconBox-id-gsbp-f668ec2 svg path{fill:var(--wp--preset--color--contrastcolor, #fffffe) !important;}#gspb_iconBox-id-gsbp-f668ec2 svg{margin:0px !important;}#gspb_iconBox-id-gsbp-f668ec2 svg{transform: rotateZ(-45deg);}#gspb_iconBox-id-gsbp-f668ec2 .gspb_iconBox__wrapper{margin-top:5px!important;margin-right:5px!important;margin-bottom:5px!important;margin-left:10px!important;}#gspb_iconBox-id-gsbp-f668ec2 .gspb_iconBox__wrapper{background-image:linear-gradient(45deg,rgb(77,255,225) 0%,rgb(95,182,253) 52%,rgb(43,83,249) 90%);}.gspb-hoverparent-58:hover #gspb_iconBox-id-gsbp-f668ec2 .gspb_iconBox__wrapper{background-image:linear-gradient(45deg,rgb(77,255,225) 0%,rgb(95,182,253) 52%,rgb(52,109,156) 90%);}#gspb_iconBox-id-gsbp-f668ec2 .gspb_iconBox__wrapper{border-radius:50%}#gspb_iconBox-id-gsbp-f668ec2 .gspb_iconBox__wrapper{padding-top:15px;padding-right:15px;padding-bottom:15px;padding-left:15px;}","footnotes":""},"class_list":["post-3498","page","type-page","status-publish","has-post-thumbnail","hentry"],"_links":{"self":[{"href":"https:\/\/seekyourdata.com\/fr\/wp-json\/wp\/v2\/pages\/3498","targetHints":{"allow":["GET"]}}],"collection":[{"href":"https:\/\/seekyourdata.com\/fr\/wp-json\/wp\/v2\/pages"}],"about":[{"href":"https:\/\/seekyourdata.com\/fr\/wp-json\/wp\/v2\/types\/page"}],"author":[{"embeddable":true,"href":"https:\/\/seekyourdata.com\/fr\/wp-json\/wp\/v2\/users\/22"}],"replies":[{"embeddable":true,"href":"https:\/\/seekyourdata.com\/fr\/wp-json\/wp\/v2\/comments?post=3498"}],"version-history":[{"count":0,"href":"https:\/\/seekyourdata.com\/fr\/wp-json\/wp\/v2\/pages\/3498\/revisions"}],"wp:featuredmedia":[{"embeddable":true,"href":"https:\/\/seekyourdata.com\/fr\/wp-json\/wp\/v2\/media\/3526"}],"wp:attachment":[{"href":"https:\/\/seekyourdata.com\/fr\/wp-json\/wp\/v2\/media?parent=3498"}],"curies":[{"name":"wp","href":"https:\/\/api.w.org\/{rel}","templated":true}]}}