{"id":3338,"date":"2024-09-03T22:43:14","date_gmt":"2024-09-03T19:43:14","guid":{"rendered":"https:\/\/seekyourdata.com\/?page_id=3338"},"modified":"2026-01-31T15:15:46","modified_gmt":"2026-01-31T12:15:46","slug":"maitrisez-votre-storytelling-grace-aux-donnees","status":"publish","type":"page","link":"https:\/\/seekyourdata.com\/fr\/mastering-storytelling-with-data\/","title":{"rendered":"Ma\u00eetriser la narration engageante gr\u00e2ce \u00e0 des m\u00e9thodes bas\u00e9es sur les donn\u00e9es"},"content":{"rendered":"<div class=\"wp-block-greenshift-blocks-row alignfull gspb_row gspb_row-id-gsbp-f63482a\" id=\"gspb_row-id-gsbp-f63482a\" data-aos=\"fade-up\" data-aos-easing=\"ease\" data-aos-duration=\"300\" data-aos-once=\"true\"><div id=\"govern\"><\/div><div class=\"gspb_row__content\"> \n<div class=\"wp-block-greenshift-blocks-row-column gspb_row__col--6 gspb_row__col--sm-12 gspb_row__col--xs-12 gspb_col-id-gsbp-58ae931\" id=\"gspb_col-id-gsbp-58ae931\">\n<div class=\"wp-block-greenshift-blocks-image gspb_image gspb_image-id-gsbp-685e917\" id=\"gspb_image-id-gsbp-685e917\"><img decoding=\"async\" src=\"https:\/\/seekyourdata.com\/wp-content\/uploads\/2024\/09\/Storytelling-with-Data-scene.webp\" data-src=\"\" alt=\"\" loading=\"lazy\" width=\"1600%\" height=\"376\"\/><\/div>\n<\/div>\n\n\n\n<div class=\"wp-block-greenshift-blocks-row-column gspb_row__col--6 gspb_row__col--sm-12 gspb_row__col--xs-12 gspb_col-id-gsbp-12362e4\" id=\"gspb_col-id-gsbp-12362e4\">\n<div class=\"wp-block-greenshift-blocks-container gspb_container gspb_container-gsbp-fe6f7bb\" id=\"gspb_container-id-gsbp-fe6f7bb\">\n<div id=\"gspb_text-id-gsbp-becb807\" class=\"gspb_text gspb_text-id-gsbp-becb807\">Confiance \u2022 Contr\u00f4le de la qualit\u00e9 des donn\u00e9es<\/div>\n<\/div>\n\n\n\n<h1 id=\"gspb_heading-id-gsbp-7cc0de3\" class=\"gspb_heading gspb_heading-id-gsbp-7cc0de3\">Ma\u00eetriser le storytelling gr\u00e2ce aux donn\u00e9es : Conseils et exemples<\/h1>\n<\/div>\n <\/div><\/div>\n\n\n\n<div class=\"wp-block-greenshift-blocks-row alignfull gspb_row gspb_row-id-gsbp-9f782f9\" id=\"gspb_row-id-gsbp-9f782f9\" data-aos=\"fade-up\" data-aos-delay=\"400\" data-aos-easing=\"ease\" data-aos-duration=\"300\" data-aos-once=\"true\"><div id=\"govern\"><\/div><div class=\"gspb_row__content\"> \n<div class=\"wp-block-greenshift-blocks-row-column gspb_row__col--6 gspb_row__col--sm-12 gspb_row__col--xs-12 gspb_col-id-gsbp-526e18e\" id=\"gspb_col-id-gsbp-526e18e\">\n<div id=\"gspb_text-id-gsbp-c6d5ae7\" class=\"gspb_text gspb_text-id-gsbp-c6d5ae7\">Etablissez des politiques claires en mati\u00e8re de gouvernance des donn\u00e9es, de propri\u00e9t\u00e9 et de responsabilit\u00e9. Cela permettra de garantir la qualit\u00e9, la s\u00e9curit\u00e9 et la conformit\u00e9 des donn\u00e9es, et de renforcer la confiance envers votre organisation.<\/div>\n<\/div>\n\n\n\n<div class=\"wp-block-greenshift-blocks-row-column gspb_row__col--6 gspb_row__col--sm-12 gspb_row__col--xs-12 gspb_col-id-gsbp-d718784\" id=\"gspb_col-id-gsbp-d718784\">\n<div class=\"wp-block-greenshift-blocks-container gspb_container gspb_container-gsbp-7c83466\" id=\"gspb_container-id-gsbp-7c83466\">\n<div class=\"wp-block-greenshift-blocks-container gspb_container gspb_container-gsbp-914be6f gspb-hoverparent-58\" id=\"gspb_container-id-gsbp-914be6f\"><a class=\"gspb-containerlink\" href=\"\/fr\/#start\" rel=\"noopener\"><\/a>\n<div id=\"gspb_text-id-gsbp-a68897f\" class=\"gspb_text gspb_text-id-gsbp-a68897f\">Lisez cet article<\/div>\n\n\n\n<div class=\"wp-block-greenshift-blocks-iconbox gspb_iconBox gspb_iconBox-id-gsbp-880e720\" id=\"gspb_iconBox-id-gsbp-880e720\"><div class=\"gspb_iconBox__wrapper\" style=\"display:inline-flex\"><svg class=\"\" style=\"display:inline-block;vertical-align:middle\" width=\"72\" height=\"72\" viewbox=\"0 0 896 1024\" xmlns=\"http:\/\/www.w3.org\/2000\/svg\"><path style=\"fill:#565D66\" d=\"M436.202 76.202l-39.598 39.598c-9.372 9.372-9.372 24.568 0 33.942l310.26 310.258h-682.864c-13.254 0-24 10.746-24 24v56c0 13.254 10.746 24 24 24h682.864l-310.26 310.26c-9.372 9.372-9.372 24.568 0 33.942l39.598 39.598c9.372 9.372 24.568 9.372 33.942 0l418.828-418.828c9.372-9.372 9.372-24.568 0-33.942l-418.83-418.828c-9.372-9.374-24.568-9.374-33.94 0z\"><\/path><\/svg><\/div><\/div>\n<\/div>\n<\/div>\n<\/div>\n <\/div><\/div>\n\n\n\n<hr class=\"wp-block-separator has-text-color has-lightborder-color has-alpha-channel-opacity has-lightborder-background-color has-background is-style-default\" style=\"margin-top:var(--wp--preset--spacing--70);margin-bottom:var(--wp--preset--spacing--70)\" id=\"start\"\/>\n\n\n\n<div class=\"wp-block-greenshift-blocks-row alignfull gspb_row gspb_row-id-gsbp-5419a03 fade1\" id=\"gspb_row-id-gsbp-5419a03\"><div id=\"govern\"><\/div><div class=\"gspb_row__content\"> \n<div class=\"wp-block-greenshift-blocks-row-column gspb_row__col--6 gspb_col-id-gsbp-5fb6d79\" id=\"gspb_col-id-gsbp-5fb6d79\">\n<h2 class=\"wp-block-heading\" id=\"unlocking-the-power-of-data-driven-storytelling\">D\u00e9bloquer le pouvoir de la narration bas\u00e9e sur les donn\u00e9es<\/h2>\n\n\n\n<p>Le Data storytelling est un m\u00e9lange innovant d'analyse de donn\u00e9es et de techniques narratives, qui rend les informations complexes attrayantes et faciles \u00e0 comprendre. En int\u00e9grant les donn\u00e9es \u00e0 la narration, vous pouvez cr\u00e9er un contenu \u00e0 la fois informatif et \u00e9motionnel.<\/p>\n\n\n\n<h3 class=\"wp-block-heading\" id=\"why-data-driven-storytelling-matters\">L'importance d'une narration fond\u00e9e sur les donn\u00e9es<\/h3>\n\n\n\n<figure class=\"wp-block-table\"><table class=\"has-fixed-layout\"><thead><tr><th class=\"has-text-align-center\" data-align=\"center\"><strong>Storytelling conventionnel<\/strong><\/th><th class=\"has-text-align-center\" data-align=\"center\"><strong>Storytelling bas\u00e9 sur les donn\u00e9es<\/strong><\/th><\/tr><\/thead><tbody><tr><td class=\"has-text-align-center\" data-align=\"center\"> S'appuyer sur des anecdotes et sur l'imaginaire<\/td><td class=\"has-text-align-center\" data-align=\"center\"> Se bases sur des ensembles de donn\u00e9es et des analyses<\/td><\/tr><tr><td class=\"has-text-align-center\" data-align=\"center\"> Peut manquer de pr\u00e9cision factuelle<\/td><td class=\"has-text-align-center\" data-align=\"center\"> Combine les faits avec une bonne narration<\/td><\/tr><tr><td class=\"has-text-align-center\" data-align=\"center\"> Limit\u00e9 \u00e0 des id\u00e9es g\u00e9n\u00e9ralement vagues<\/td><td class=\"has-text-align-center\" data-align=\"center\"> Fournit des r\u00e9cits personnalis\u00e9s et perspicaces<\/td><\/tr><\/tbody><\/table><\/figure>\n\n\n\n<p><strong>Principaux avantages :<\/strong><\/p>\n\n\n\n<ul class=\"wp-block-list\">\n<li><strong>En Marketing:<\/strong> Personnalise les campagnes \u00e0 l'aide de l'analyse des consommateurs.<\/li>\n\n\n\n<li><strong>En journalisme:<\/strong> Les histoires sont \u00e9tay\u00e9es par des donn\u00e9es v\u00e9rifiables.<\/li>\n\n\n\n<li><strong>En Strat\u00e9gie orient\u00e9e Business:<\/strong> Clarifie les indicateurs de performance et les tendances du march\u00e9.<\/li>\n<\/ul>\n\n\n\n<p>La narration ax\u00e9e sur les donn\u00e9es se d\u00e9marque dans une \u00e8re de surcharge d'informations, captivant le public en associant les implications du monde r\u00e9el \u00e0 des r\u00e9cits captivants.<\/p>\n\n\n\n<hr class=\"wp-block-separator has-alpha-channel-opacity\"\/>\n<\/div>\n <\/div><\/div>\n\n\n\n<div class=\"wp-block-greenshift-blocks-row alignfull gspb_row gspb_row-id-gsbp-f9cc1fb fade1\" id=\"gspb_row-id-gsbp-f9cc1fb\" data-aos=\"fade\" data-aos-easing=\"ease\" data-aos-duration=\"300\"><div id=\"govern\"><\/div><div class=\"gspb_row__content\"> \n<div class=\"wp-block-greenshift-blocks-row-column gspb_row__col--6 gspb_col-id-gsbp-4618fb1\" id=\"gspb_col-id-gsbp-4618fb1\">\n<h2 class=\"wp-block-heading\" id=\"how-does-a-data-driven-story-make-an-impact\">Comment une histoire bas\u00e9e sur des donn\u00e9es provoque un impact ?<\/h2>\n\n\n\n<p>Pour \u00eatre efficaces, il est essentiel d'avoir des histoires bas\u00e9es sur des donn\u00e9es v\u00e9ridiques. \nVoyons comment nous pouvons proc\u00e9der :<\/p>\n\n\n\n<h3 class=\"wp-block-heading\" id=\"1-clarity-of-data-visualization\">1. Clart\u00e9 de la visualisation des donn\u00e9es<\/h3>\n\n\n\n<ul class=\"wp-block-list\">\n<li class=\"translation-block\"><strong>Utiliser des tableaux et des graphiques :<\/strong> pr\u00e9senter des donn\u00e9es complexes dans un format facile \u00e0 assimiler.<\/li>\n\n\n\n<li><strong>\u00c9l\u00e9ments interactifs :<\/strong> Suscitez l'int\u00e9r\u00eat de votre public gr\u00e2ce \u00e0 des points de donn\u00e9es cliquables.<\/li>\n<\/ul>\n\n\n\n<p><strong>Exemples d'outils de visualisation:<\/strong><\/p>\n\n\n\n<figure class=\"wp-block-table\"><table class=\"has-fixed-layout\"><thead><tr><th class=\"has-text-align-center\" data-align=\"center\"><strong>Outil<\/strong><\/th><th class=\"has-text-align-center\" data-align=\"center\">Cas d'usage<\/th><\/tr><\/thead><tbody><tr><td class=\"has-text-align-center\" data-align=\"center\"><strong>Tableau<\/strong><\/td><td class=\"has-text-align-center\" data-align=\"center\">Visualisation d'ensembles de donn\u00e9es complexes \u00e0 l'aide de tableaux de bord<\/td><\/tr><tr><td class=\"has-text-align-center\" data-align=\"center\"><strong>Power BI<\/strong><\/td><td class=\"has-text-align-center\" data-align=\"center\">Traitement et visualisation des donn\u00e9es en temps r\u00e9el<\/td><\/tr><tr><td class=\"has-text-align-center\" data-align=\"center\"><strong>Google Data Studio<\/strong><\/td><td class=\"has-text-align-center\" data-align=\"center\">Transformez les donn\u00e9es en rapports interactifs<\/td><\/tr><\/tbody><\/table><\/figure>\n\n\n\n<h3 class=\"wp-block-heading\" id=\"2-relevance-to-target-audience\">2. La pertinence de votre public cible<\/h3>\n\n\n\n<ul class=\"wp-block-list\">\n<li><strong>Comprenez votre public :<\/strong> S\u00e9lectionnez les donn\u00e9es qui r\u00e9pondent directement \u00e0 leurs besoins.<\/li>\n\n\n\n<li><strong>Donnez de la valeur imm\u00e9diate:<\/strong> Mettez en \u00e9vidence les donn\u00e9es qui correspondent aux probl\u00e8mes de l'audience.<\/li>\n<\/ul>\n\n\n\n<h3 class=\"wp-block-heading\" id=\"3-emotional-resonance\">3. R\u00e9sonance \u00e9motionnelle<\/h3>\n\n\n\n<ul class=\"wp-block-list\">\n<li><strong>Reliez les donn\u00e9es \u00e0 des exp\u00e9riences r\u00e9elles :<\/strong> Humanisez les statistiques avec des histoires.<\/li>\n\n\n\n<li><strong>Suscitez l'engagement:<\/strong> Suscitez des \u00e9motions pour laisser un impact durable.<\/li>\n<\/ul>\n\n\n\n<h3 class=\"wp-block-heading\" id=\"4-accuracy-and-context\">4. Pr\u00e9cision et contexte<\/h3>\n\n\n\n<ul class=\"wp-block-list\">\n<li><strong>V\u00e9rifier les donn\u00e9es :<\/strong> Utilisez des sources fiables telles que des rapports officiels ou des bases de donn\u00e9es v\u00e9rifi\u00e9es.<\/li>\n\n\n\n<li><strong>Fournir un contexte :<\/strong> Expliquez la signification des donn\u00e9es, en ajoutant de la profondeur \u00e0 votre r\u00e9cit.<\/li>\n<\/ul>\n\n\n\n<h3 class=\"wp-block-heading\" id=\"5-qualitative-insights\">5. Perspectives qualitatives<\/h3>\n\n\n\n<ul class=\"wp-block-list\">\n<li><strong>M\u00e9langez les nombres avec des histoires :<\/strong> Combinez les donn\u00e9es avec des anecdotes ou des avis d'experts.<\/li>\n\n\n\n<li><strong>Adopter une vision holistique :<\/strong> Enrichissez votre r\u00e9cit en y ajoutant des d\u00e9tails personnels ou contextuels.<\/li>\n<\/ul>\n<\/div>\n <\/div><\/div>\n\n\n\n<hr class=\"wp-block-separator has-alpha-channel-opacity\"\/>\n\n\n\n<div class=\"wp-block-greenshift-blocks-row alignfull gspb_row gspb_row-id-gsbp-40d0509 fade1\" id=\"gspb_row-id-gsbp-40d0509\" data-aos=\"fade\" data-aos-easing=\"ease\" data-aos-duration=\"300\"><div id=\"govern\"><\/div><div class=\"gspb_row__content\"> \n<div class=\"wp-block-greenshift-blocks-row-column gspb_row__col--6 gspb_col-id-gsbp-2f79e3e\" id=\"gspb_col-id-gsbp-2f79e3e\">\n<h2 class=\"wp-block-heading\" id=\"practical-examples-of-engaging-data-driven-stories\">Exemples pratiques d'histoires engageantes bas\u00e9es sur des donn\u00e9es<\/h2>\n\n\n\n<p>La narration ax\u00e9e sur les donn\u00e9es peut avoir un effet transformateur dans divers secteurs. Voici quelques exemples notables :<\/p>\n\n\n\n<h3 class=\"wp-block-heading\" id=\"business-sector-spotify-s-wrapped-campaign\">Secteur des entreprises : Campagne \"Wrapped\" de Spotify<\/h3>\n\n\n\n<ul class=\"wp-block-list\">\n<li><strong>Donn\u00e9es utilis\u00e9es :<\/strong> Les habitudes d'\u00e9coute des utilisateurs.<\/li>\n\n\n\n<li><strong>R\u00e9sultat :<\/strong> Histoires d'utilisateurs personnalis\u00e9es pr\u00e9sentant les chansons, les artistes et les genres les plus populaires.<\/li>\n\n\n\n<li><strong>Outils :<\/strong> Tableau pour la visualisation de donn\u00e9es complexes.<\/li>\n<\/ul>\n\n\n\n<h3 class=\"wp-block-heading\" id=\"health-sector-covid-19-spread-visualization-by-the-new-york-times\">Secteur de la sant\u00e9 : Visualisation de la diffusion du COVID-19 par le New York Times<\/h3>\n\n\n\n<ul class=\"wp-block-list\">\n<li><strong>Donn\u00e9es utilis\u00e9es :<\/strong> Donn\u00e9es sur les infections dans le monde.<\/li>\n\n\n\n<li><strong>R\u00e9sultat :<\/strong> Cartes et graphiques interactifs montrant la propagation du virus.<\/li>\n\n\n\n<li><strong>Outils :<\/strong> Power BI pour la visualisation des donn\u00e9es en temps r\u00e9el.<\/li>\n<\/ul>\n\n\n\n<h3 class=\"wp-block-heading\" id=\"environmental-sciences-losing-earth-by-the-new-york-times-magazine\">Sciences de l'environnement : \"Perdre la Terre\" par le New York Times Magazine<\/h3>\n\n\n\n<ul class=\"wp-block-list\">\n<li><strong>Donn\u00e9es utilis\u00e9es :<\/strong> Donn\u00e9es climatiques des ann\u00e9es 1980.<\/li>\n\n\n\n<li><strong>R\u00e9sultat :<\/strong> Une histoire vivante combin\u00e9e \u00e0 des donn\u00e9es environnementales.<\/li>\n\n\n\n<li><strong>Outils :<\/strong> Google Data Studio pour la visualisation de donn\u00e9es environnementales complexes.<\/li>\n<\/ul>\n\n\n\n<h3 class=\"wp-block-heading\" id=\"social-media-facebook-s-year-in-review\">M\u00e9dias sociaux : Bilan de l'ann\u00e9e Facebook<\/h3>\n\n\n\n<ul class=\"wp-block-list\">\n<li><strong>Donn\u00e9es utilis\u00e9es :<\/strong> Contenu agr\u00e9g\u00e9 des utilisateurs.<\/li>\n\n\n\n<li><strong>R\u00e9sultat :<\/strong> R\u00e9cit mettant en lumi\u00e8re les \u00e9v\u00e9nements et les th\u00e8mes majeurs de la plateforme.<\/li>\n\n\n\n<li><strong>Outils :<\/strong> Tableau et Google Data Studio pour les r\u00e9capitulations annuelles.<\/li>\n<\/ul>\n\n\n\n<p>Ces exemples montrent comment la combinaison des donn\u00e9es et de la narration peut cr\u00e9er des r\u00e9cits percutants qui trouvent un \u00e9cho aupr\u00e8s du public.<\/p>\n<\/div>\n <\/div><\/div>\n\n\n\n<hr class=\"wp-block-separator has-alpha-channel-opacity\"\/>\n\n\n\n<div class=\"wp-block-greenshift-blocks-row alignfull gspb_row gspb_row-id-gsbp-009b15a fade1\" id=\"gspb_row-id-gsbp-009b15a\" data-aos=\"fade\" data-aos-easing=\"ease\" data-aos-duration=\"300\"><div id=\"govern\"><\/div><div class=\"gspb_row__content\"> \n<div class=\"wp-block-greenshift-blocks-row-column gspb_row__col--6 gspb_col-id-gsbp-03e557f\" id=\"gspb_col-id-gsbp-03e557f\">\n<h2 class=\"wp-block-heading\" id=\"tips-and-best-practices-for-developing-your-data-driven-stories\">Conseils et bonnes pratiques pour d\u00e9velopper vos histoires bas\u00e9es sur les donn\u00e9es<\/h2>\n\n\n\n<h3 class=\"wp-block-heading\" id=\"1-identify-relevant-data-sources\">1. Identifier les sources de donn\u00e9es pertinentes<\/h3>\n\n\n\n<ul class=\"wp-block-list\">\n<li><strong>Focus sur les sources primaires :<\/strong> Utiliser les rapports officiels et les bases de donn\u00e9es.<\/li>\n\n\n\n<li><strong>Compl\u00e9ter avec des sources secondaires :<\/strong> Veiller \u00e0 l'exactitude et \u00e0 la pertinence des informations.<\/li>\n<\/ul>\n\n\n\n<h3 class=\"wp-block-heading\" id=\"2-ensure-data-accuracy\">2. Garantir l'exactitude des donn\u00e9es<\/h3>\n\n\n\n<ul class=\"wp-block-list\">\n<li><strong>R\u00e9f\u00e9rence crois\u00e9e :<\/strong> V\u00e9rifier les donn\u00e9es en recoupant plusieurs sources.<\/li>\n\n\n\n<li><strong>Utiliser des outils d'analyse fiables :<\/strong> S'assurer de la fiabilit\u00e9 des donn\u00e9es.<\/li>\n<\/ul>\n\n\n\n<h3 class=\"wp-block-heading\" id=\"3-craft-an-engaging-narrative\">3. R\u00e9diger un r\u00e9cit captivant<\/h3>\n\n\n\n<ul class=\"wp-block-list\">\n<li><strong>M\u00e9langer les faits avec des \u00e9l\u00e9ments humains :<\/strong> Utilisez des anecdotes ou des \u00e9tudes de cas pour humaniser les donn\u00e9es.<\/li>\n\n\n\n<li><strong>Se concentrer sur la connexion \u00e9motionnelle :<\/strong> Faites en sorte que les donn\u00e9es soient pertinentes pour votre public.<\/li>\n<\/ul>\n\n\n\n<h3 class=\"wp-block-heading\" id=\"4-evaluate-story-impact\">4. \u00c9valuer l'impact de l'histoire<\/h3>\n\n\n\n<ul class=\"wp-block-list\">\n<li><strong>Tests A\/B :<\/strong> Comparez diff\u00e9rentes versions de votre histoire pour voir laquelle r\u00e9sonne le mieux.<\/li>\n\n\n\n<li><strong>Recueillir les r\u00e9actions du public :<\/strong> Utilisez les enqu\u00eates, les commentaires ou les m\u00e9dias sociaux pour affiner votre r\u00e9cit.<\/li>\n<\/ul>\n\n\n\n<h3 class=\"wp-block-heading\" id=\"5-follow-ethical-guidelines\">5. Respecter les lignes directrices en mati\u00e8re d'\u00e9thique<\/h3>\n\n\n\n<ul class=\"wp-block-list\">\n<li><strong>Soyez transparent :<\/strong> Indiquez clairement vos sources de donn\u00e9es et vos m\u00e9thodologies.<\/li>\n\n\n\n<li><strong>\u00c9viter la manipulation des donn\u00e9es :<\/strong> Pr\u00e9senter les donn\u00e9es avec sinc\u00e9rit\u00e9 et respecter la vie priv\u00e9e.<\/li>\n<\/ul>\n<\/div>\n <\/div><\/div>\n\n\n\n<hr class=\"wp-block-separator has-alpha-channel-opacity\"\/>\n\n\n\n<div class=\"wp-block-greenshift-blocks-row alignfull gspb_row gspb_row-id-gsbp-6972e55 fade1\" id=\"gspb_row-id-gsbp-6972e55\" data-aos=\"fade\" data-aos-easing=\"ease\" data-aos-duration=\"300\"><div id=\"govern\"><\/div><div class=\"gspb_row__content\"> \n<div class=\"wp-block-greenshift-blocks-row-column gspb_row__col--6 gspb_col-id-gsbp-1f831d9\" id=\"gspb_col-id-gsbp-1f831d9\">\n<h2 class=\"wp-block-heading\" id=\"why-data-sources-and-visualization-matter-more-than-ever\">Pourquoi les sources de donn\u00e9es et la visualisation sont-elles plus importantes que jamais ?<\/h2>\n\n\n\n<p>La ma\u00eetrise de la narration bas\u00e9e sur les donn\u00e9es implique de combiner la rigueur analytique avec des techniques narratives cr\u00e9atives. En suivant ces bonnes pratiques et en utilisant les bons outils, vous pouvez cr\u00e9er des histoires qui ne sont pas seulement informatives, mais aussi profond\u00e9ment engageantes, et qui auront un impact durable sur votre public.<\/p>\n<\/div>\n <\/div><\/div>","protected":false},"excerpt":{"rendered":"","protected":false},"author":22,"featured_media":3348,"parent":0,"menu_order":12,"comment_status":"closed","ping_status":"closed","template":"normal-1","meta":{"_seopress_robots_primary_cat":"","_seopress_titles_title":"","_seopress_titles_desc":"","_seopress_robots_index":"","_gspb_post_css":"","footnotes":""},"class_list":["post-3338","page","type-page","status-publish","has-post-thumbnail","hentry"],"_links":{"self":[{"href":"https:\/\/seekyourdata.com\/fr\/wp-json\/wp\/v2\/pages\/3338","targetHints":{"allow":["GET"]}}],"collection":[{"href":"https:\/\/seekyourdata.com\/fr\/wp-json\/wp\/v2\/pages"}],"about":[{"href":"https:\/\/seekyourdata.com\/fr\/wp-json\/wp\/v2\/types\/page"}],"author":[{"embeddable":true,"href":"https:\/\/seekyourdata.com\/fr\/wp-json\/wp\/v2\/users\/22"}],"replies":[{"embeddable":true,"href":"https:\/\/seekyourdata.com\/fr\/wp-json\/wp\/v2\/comments?post=3338"}],"version-history":[{"count":2,"href":"https:\/\/seekyourdata.com\/fr\/wp-json\/wp\/v2\/pages\/3338\/revisions"}],"predecessor-version":[{"id":10617,"href":"https:\/\/seekyourdata.com\/fr\/wp-json\/wp\/v2\/pages\/3338\/revisions\/10617"}],"wp:featuredmedia":[{"embeddable":true,"href":"https:\/\/seekyourdata.com\/fr\/wp-json\/wp\/v2\/media\/3348"}],"wp:attachment":[{"href":"https:\/\/seekyourdata.com\/fr\/wp-json\/wp\/v2\/media?parent=3338"}],"curies":[{"name":"wp","href":"https:\/\/api.w.org\/{rel}","templated":true}]}}