{"id":10603,"date":"2024-04-04T12:58:33","date_gmt":"2024-04-04T12:58:33","guid":{"rendered":"https:\/\/seekyourdata.com\/?page_id=3"},"modified":"2024-04-04T12:58:33","modified_gmt":"2024-04-04T12:58:33","slug":"politique-de-confidentialite-2","status":"publish","type":"page","link":"https:\/\/seekyourdata.com\/fr\/privacy-policy-2\/","title":{"rendered":"Politique de confidentialit\u00e9"},"content":{"rendered":"<h2 class=\"wp-block-heading\" id=\"objectif-et-champ-d-application\">Objectif et champ d'application<\/h2>\n\n\n\n<p>Dans cette Politique, les termes \u201cnous\u201d, \u201cnotre\u201d et \u201cnos\u201d d\u00e9signent SEEK YOUR DATA.<\/p>\n\n\n\n<p>Vous pouvez acc\u00e9der \u00e0 l'ensemble des informations nous concernant sur notre page d\u00e9di\u00e9e aux mentions l\u00e9gales.<\/p>\n\n\n\n<h3 class=\"wp-block-heading\" id=\"objectif-de-la-politiquenous-placons-la-protection-de-la-vie-privee-et-des-donnees-a-caractere-personnel-ainsi-que-le-respect-des-obligations-legales-y-afferant-au-coeur-de-nos-preoccupations\">Objectif de la politique<\/h3>\n\n\n\n<p>Nous pla\u00e7ons la protection de la vie priv\u00e9e et des donn\u00e9es \u00e0 caract\u00e8re personnel ainsi que le respect des obligations l\u00e9gales y aff\u00e9rant au c\u0153ur de nos pr\u00e9occupations.<\/p>\n\n\n\n<p>Cette politique a pour but de fournir une information simple, claire et exhaustive aux personnes (\" vous \", \" vos \", \" votre \") concernant les traitements de donn\u00e9es personnelles vous concernant, effectu\u00e9s par nos soins en tant que responsable du traitement.<\/p>\n\n\n\n<h3 class=\"wp-block-heading\" id=\"champ-d-application\">Champ d'application<\/h3>\n\n\n\n<p>Cette politique s'applique aux traitements r\u00e9alis\u00e9s dans le cadre de :<\/p>\n\n\n\n<ul class=\"wp-block-list\">\n<li>La gestion de ce site internet et des demandes soumises via les formulaires en ligne pr\u00e9sents sur celui-ci.<\/li>\n\n\n\n<li>L'envoi de notre lettre d'information.<\/li>\n\n\n\n<li>La gestion de nos clients, prestataires et partenaires.<\/li>\n<\/ul>\n\n\n\n<p>Pour l'ensemble de ces traitements, nous sommes l'entit\u00e9 qui d\u00e9termine les moyens et les finalit\u00e9s, agissant ainsi en qualit\u00e9 de responsable de traitement au sens de la r\u00e9glementation applicable en mati\u00e8re de donn\u00e9es personnelles, et en particulier du R\u00e8glement UE 2016\/679 relatif \u00e0 la protection des personnes physiques \u00e0 l'\u00e9gard du traitement des donn\u00e9es \u00e0 caract\u00e8re personnel et \u00e0 la libre circulation de ces donn\u00e9es (ci-apr\u00e8s d\u00e9nomm\u00e9 \" RGPD \").<\/p>\n\n\n\n<p>Pour l'ensemble de ces traitements, nous sommes l'entit\u00e9 qui d\u00e9termine les moyens et les finalit\u00e9s et agit ainsi en qualit\u00e9 de responsable de traitement au sens de la r\u00e9glementation applicable en mati\u00e8re de donn\u00e9es personnelles et notamment du <strong><a href=\"https:\/\/www.cnil.fr\/fr\/reglement-europeen-protection-donnees\">R\u00e8glement UE 2016\/679 relatif \u00e0 la protection des personnes physiques \u00e0 l'\u00e9gard du Traitement des Donn\u00e9es \u00e0 caract\u00e8re personnel et \u00e0 la libre circulation de ces Donn\u00e9es<\/a><\/strong>&nbsp;(ci-apr\u00e8s \" RGPD \").<\/p>\n\n\n\n<h2 class=\"wp-block-heading\" id=\"generalites-applicables-a-l-ensemble-des-traitements-mis-en-oeuvre\">G\u00e9n\u00e9ralit\u00e9s applicables \u00e0 l'ensemble des traitements mis en \u0153uvre<\/h2>\n\n\n\n<p>Nous veillons pour chaque traitement au respect des principes fondamentaux en mati\u00e8re de <strong>protection des donn\u00e9es<\/strong>. Cette section vous informe sur les g\u00e9n\u00e9ralit\u00e9s applicables \u00e0 l'ensemble des traitements couverts par cette politique.<\/p>\n\n\n\n<h3 class=\"wp-block-heading\" id=\"elementor-tab-title-5241\">Minimisation des donn\u00e9es collect\u00e9es<\/h3>\n\n\n\n<p>Chaque formulaire pr\u00e9sent sur le site <strong>limite la collecte des donn\u00e9es personnelles au strict n\u00e9cessaire<\/strong> et indique le(s) objectif(s) du recueil de ces donn\u00e9es ainsi que le(s) destinataire(s) des donn\u00e9es.<\/p>\n\n\n\n<p>Les <strong>donn\u00e9es indispensables<\/strong> \u00e0 la gestion de votre demande sont signal\u00e9es par un ast\u00e9risque sur chaque formulaire. Si vous ne renseignez pas ces champs obligatoires, nous ne pourrons pas r\u00e9pondre \u00e0 vos demandes et\/ou vous fournir les services demand\u00e9s. Les autres informations ont un caract\u00e8re facultatif et nous permettent de mieux g\u00e9rer votre demande et d'am\u00e9liorer nos communications et services \u00e0 votre \u00e9gard.<\/p>\n\n\n\n<h3 class=\"wp-block-heading\" id=\"partage-de-vos-donnees-avec-des-tiers-et-transfert-de-vos-donnees-hors-de-l-union-europeenne\">Partage de vos donn\u00e9es avec des Tiers et Transfert de vos donn\u00e9es hors de l'Union Europ\u00e9enne<\/h3>\n\n\n\n<p>Nous ne partageons <strong>jamais<\/strong> vos <strong>donn\u00e9es personnelles<\/strong> avec d'autres entreprises \u00e0 des fins de prospection commerciale.<\/p>\n\n\n\n<p>Chaque section d\u00e9di\u00e9e \u00e0 un traitement d\u00e9taille les destinataires internes ayant vocation \u00e0 acc\u00e9der et traiter les donn\u00e9es concern\u00e9es. Les donn\u00e9es peuvent <strong>\u00e9ventuellement<\/strong> \u00eatre transmises \u00e0 des prestataires de services techniques choisis pour leur expertise et leur fiabilit\u00e9 qui agissent en notre nom et selon nos instructions (sous-traitant informatique, h\u00e9bergeur de nos serveurs, etc.)<\/p>\n\n\n\n<p>Nous n'autorisons ces prestataires \u00e0 utiliser vos donn\u00e9es personnelles que dans la mesure o\u00f9 cela s'av\u00e8re n\u00e9cessaire pour rendre des services en notre nom ou pour respecter des exigences l\u00e9gales et nous nous effor\u00e7ons de veiller \u00e0 ce que <strong>vos donn\u00e9es personnelles soient prot\u00e9g\u00e9es en permanence.<\/strong><\/p>\n\n\n\n<p>Nous pourrons \u00e9galement \u00eatre amen\u00e9s \u00e0 communiquer \u00e0 des Tiers vos Donn\u00e9es lorsqu'une telle communication est requise par la <strong>loi<\/strong>, <strong>une disposition r\u00e9glementaire ou une d\u00e9cision judiciaire<\/strong>, ou si cette communication est <strong>n\u00e9cessaire<\/strong> pour assurer la protection et la d\u00e9fense de nos droits.<\/p>\n\n\n\n<p>Tous ces Tiers peuvent provenir de pays faisant ou non partie de l'<strong>Union europ\u00e9enne<\/strong> (\" UE \"), notamment de pays qui n'offrent pas le m\u00eame degr\u00e9 de protection des donn\u00e9es que votre pays de r\u00e9sidence. Dans un tel cas et dans la mesure requise par les lois applicables, nous ferons en sorte :<\/p>\n\n\n\n<ul class=\"wp-block-list\">\n<li>Soit d'obtenir votre Consentement expr\u00e8s et non \u00e9quivoque de partager vos Donn\u00e9es personnelles avec ces Tiers ;<\/li>\n\n\n\n<li>Soit de conclure des contrats de Transfert de Donn\u00e9es se conformant \u00e0 minima aux clauses contractuelles types adopt\u00e9es par la Commission europ\u00e9enne ;<\/li>\n\n\n\n<li>Soit de s'assurer que ces Tiers situ\u00e9s aux Etats-Unis sont des entreprises ayant adh\u00e9r\u00e9 au EU-U.S. Privacy Shield et enregistr\u00e9es comme telles aupr\u00e8s de l'administration am\u00e9ricaine.<\/li>\n<\/ul>\n\n\n\n<h3 class=\"wp-block-heading\" id=\"securite-de-vos-donnees\">S\u00e9curit\u00e9 de vos donn\u00e9es<\/h3>\n\n\n\n<p>La s\u00e9curit\u00e9 de vos donn\u00e9es nous tient \u00e0 c\u0153ur. Toutefois, n'oubliez pas qu'aucune m\u00e9thode de transmission de donn\u00e9es par Internet ou m\u00e9thode de stockage \u00e9lectronique n'est s\u00fbre \u00e0 100 %. Bien que nous nous efforcions d'utiliser des m\u00e9thodes commercialement acceptables pour prot\u00e9ger vos donn\u00e9es \u00e0 caract\u00e8re personnel, nous ne pouvons pas leur garantir une <strong>s\u00e9curit\u00e9 absolue<\/strong>.<\/p>\n\n\n\n<h3 class=\"wp-block-heading\" id=\"donnees-concernant-des-mineurs\">Donn\u00e9es concernant des mineurs<\/h3>\n\n\n\n<p>Nos services ne sont pas destin\u00e9s aux mineurs. Aussi, nous ne collectons ni ne traitons en connaissance de cause des donn\u00e9es personnelles relatives \u00e0 des mineurs. Dans l'hypoth\u00e8se o\u00f9 nous aurions connaissance de la collecte de donn\u00e9es personnelles de mineurs sans l'autorisation pr\u00e9alable du titulaire de la responsabilit\u00e9 parentale, nous prendrions les mesures appropri\u00e9es afin de <strong>supprimer<\/strong> <strong>ces<\/strong> <strong>donn\u00e9es personnelles<\/strong> de nos serveurs et\/ou de ceux de nos prestataires.<\/p>\n\n\n\n<h2 class=\"wp-block-heading\" id=\"traitements-mis-en-oeuvre\">Traitements mis en oeuvre<\/h2>\n\n\n\n<h3 class=\"wp-block-heading\" id=\"la-gestion-du-site-internet-et-des-demandes-envoyees-a-partir-des-formulaires-en-ligne\">La gestion du site Internet et des demandes envoy\u00e9es \u00e0 partir des formulaires en ligne<\/h3>\n\n\n\n<p>Lorsque vous naviguez sur ce site, vous pouvez \u00eatre amen\u00e9(e) \u00e0 :<\/p>\n\n\n\n<ul class=\"wp-block-list\">\n<li>Faire une demande de contact via un formulaire ;<\/li>\n\n\n\n<li>Obtenir ou consulter des contenus optimis\u00e9s gr\u00e2ce \u00e0 l'IA. <\/li>\n<\/ul>\n\n\n\n<p>Dans le cadre de ces activit\u00e9s, et sur la base de votre<strong> consentement que vous manifestez en soumettant la demande de contact<\/strong>, nous traitons et conservons les donn\u00e9es personnelles vous concernant et qui sont les suivantes :<\/p>\n\n\n\n<ul class=\"wp-block-list\">\n<li>Pour r\u00e9pondre \u00e0 votre demande de contact : les informations fournies sur le formulaire \u00e0 savoir votre identit\u00e9, vos coordonn\u00e9es de contact (cf. minimisation des donn\u00e9es) et, le cas \u00e9ch\u00e9ant le contenu du message, ainsi que toute information communiqu\u00e9e ult\u00e9rieurement lors de nos \u00e9changes. Ces donn\u00e9es sont trait\u00e9es par le service concern\u00e9 par votre demande le temps n\u00e9cessaire pour vous r\u00e9pondre.<\/li>\n<\/ul>\n\n\n\n<p>En fonction de votre demande et de la teneur de nos \u00e9changes, les donn\u00e9es ainsi collect\u00e9es sont susceptibles d'\u00eatre utilis\u00e9es pour d'autres finalit\u00e9s telles que la gestion d'une demande de devis ; ces traitements sont alors soumis aux conditions et modalit\u00e9s y aff\u00e9rent.<\/p>\n\n\n\n<p>Nous vous indiquons \u00e9galement que nous faisons des <strong>statistiques anonymes<\/strong> sur la fr\u00e9quentation de ce site, lesquels ne nous permettent pas de vous identifier.<\/p>\n\n\n\n<h3 class=\"wp-block-heading\" id=\"traitement-s-realise-s-a-des-fins-de-promotion-de-nos-services\">Traitement(s) r\u00e9alis\u00e9(s) \u00e0 des fins de promotion de nos services<\/h3>\n\n\n\n<p>Nous collectons et utilisons les donn\u00e9es d'identification et les coordonn\u00e9es professionnelles des personnes r\u00e9f\u00e9rentes chez les prospects et clients, et ce inclus les donn\u00e9es publiques disponibles sur Internet, \u00e0 des fins de promotion de nos services.<\/p>\n\n\n\n<p>Ce traitement est fond\u00e9 sur l'int\u00e9r\u00eat l\u00e9gitime que nous avons \u00e0 promouvoir nos activit\u00e9s aupr\u00e8s de profils professionnels susceptibles d'\u00eatre int\u00e9ress\u00e9s par nos services et produits. Vous pouvez vous opposer \u00e0 recevoir notre lettre d'information \u00e0 tout moment et sans justification en cliquant sur le lien de d\u00e9sabonnement int\u00e9gr\u00e9 dans le mail.<\/p>\n\n\n\n<p>Les donn\u00e9es sont trait\u00e9es et conserv\u00e9es \u00e0 cette fin par notre service commercial, sous r\u00e9serve d'une demande de d\u00e9sabonnement :<\/p>\n\n\n\n<ul class=\"wp-block-list\">\n<li>Pour les prospects : pendant 1 an \u00e0 compter du dernier contact<\/li>\n\n\n\n<li>Pour les clients : le temps de la relation commerciale puis pendant 1 ans \u00e0 compter de la fin de la relation commerciale<\/li>\n<\/ul>\n\n\n\n<p>En cas de collecte indirecte de vos donn\u00e9es \u00e0 des fins de communication marketing, notamment de donn\u00e9es publiques sur Internet, nous veillerons \u00e0 vous informer d\u00e8s la premi\u00e8re communication, et en tout \u00e9tat de cause dans le mois suivant la collecte des donn\u00e9es, de l'utilisation pr\u00e9vue et de votre <strong>possibilit\u00e9 de vous opposer au traitement de vos donn\u00e9es \u00e0 des fins commerciales.<\/strong><\/p>\n\n\n\n<h3 class=\"wp-block-heading\" id=\"traitement-s-realise-s-a-des-fins-de-gestion-des-prospects-clients-prestataires-et-partenaires\">Traitement(s) r\u00e9alis\u00e9(s) \u00e0 des fins de gestion des prospects, clients, prestataires et partenaires<\/h3>\n\n\n\n<p>Nous sommes \u00e9galement amen\u00e9s \u00e0 traiter des donn\u00e9es personnelles vous concernant lorsque :<\/p>\n\n\n\n<ul class=\"wp-block-list\">\n<li>Vous faites une demande de devis pour des prestations de services, via le formulaire en ligne sur le site ou directement par t\u00e9l\u00e9phone aupr\u00e8s du service commercial ;<\/li>\n\n\n\n<li>Votre soci\u00e9t\u00e9 conclut un contrat avec nous en qualit\u00e9 de client, prestataire ou partenaire.<\/li>\n<\/ul>\n\n\n\n<p>Dans ce contexte, nous allons collecter des informations relatives :<\/p>\n\n\n\n<ul class=\"wp-block-list\">\n<li><strong>Au(x) contact(s) indiqu\u00e9(s)<\/strong>&nbsp;tel(s) que le contact indiqu\u00e9 sur le formulaire, le r\u00e9f\u00e9rent principal pour le contrat, le contact pour la facturation et toute autre personne contact : nom, pr\u00e9nom, adresse \u00e9lectronique professionnelle, t\u00e9l\u00e9phone professionnel, fonction, et toutes les informations contenues dans les \u00e9changes (nature de la demande, etc.) ;<\/li>\n\n\n\n<li><strong>Au(x) signataire(s) du contrat&nbsp;<\/strong>: nom, pr\u00e9nom, fonction, signature.<\/li>\n<\/ul>\n\n\n\n<p>Ces donn\u00e9es sont destin\u00e9es, en tant que de besoin, aux collaborateurs en charge du suivi de la relation commerciale et\/ou du partenariat, de la comptabilit\u00e9\/facturation et aux collaborateurs des services impliqu\u00e9s par la demande\/le contrat.<\/p>\n\n\n\n<p>Elles sont <strong>collect\u00e9es et conserv\u00e9es<\/strong>&nbsp;:<\/p>\n\n\n\n<ul class=\"wp-block-list\">\n<li>Pour les demandes de devis n'aboutissant pas \u00e0 la conclusion d'un contrat : le temps n\u00e9cessaire \u00e0 l'\u00e9tude et au suivi de la demande + une (1) ann\u00e9e apr\u00e8s la cl\u00f4ture de la demande (ou du dernier contact le cas \u00e9ch\u00e9ant).<\/li>\n\n\n\n<li>Pour les contrats et afin d'ex\u00e9cuter le contrat : la dur\u00e9e de la relation contractuelle<\/li>\n\n\n\n<li>Aux fins de r\u00e9pondre \u00e0 notre int\u00e9r\u00eat l\u00e9gitime d'assurer la protection et les d\u00e9fenses de nos droits en cas de contentieux, pendant cinq (5) ann\u00e9es suivant la fin de la relation contractuelle.<\/li>\n<\/ul>\n\n\n\n<p>Vos coordonn\u00e9es de contact sont \u00e9galement susceptibles d'\u00eatre utilis\u00e9es afin de vous envoyer notre lettre d'information sur nos services. Pour plus d'informations, nous vous invitons \u00e0 consulter la section B. \" Traitement(s) r\u00e9alis\u00e9(s) \u00e0 des fins de promotion de nos services \".<\/p>\n\n\n\n<h2 class=\"wp-block-heading\" id=\"exercices-de-vos-droits-et-modalites-de-contact-de-notre-delegue-a-la-protection-des-donnees\">Exercices de vos droits et modalit\u00e9s de contact de notre D\u00e9l\u00e9gu\u00e9 \u00e0 la protection des donn\u00e9es<\/h2>\n\n\n\n<p>Conform\u00e9ment \u00e0 la r\u00e9glementation en vigueur, vous disposez d'un&nbsp;<strong>droit d'acc\u00e8s et de rectification<\/strong> de vos donn\u00e9es personnelles ainsi que de celui d'en demander l'<strong>effacement<\/strong>&nbsp;(<strong>droit \u00e0 l'oubli<\/strong>), le droit de vous&nbsp;<strong>s'opposer \u00e0 leur traitement <\/strong>et d'en&nbsp;<strong>obtenir la limitation ou la portabilit\u00e9<\/strong> dans la mesure o\u00f9 cela est applicable, sous r\u00e9serve des motifs l\u00e9gitimes imp\u00e9rieux dont nous pourrions justifier pour conserver vos donn\u00e9es.<\/p>\n\n\n\n<p>Par ailleurs, vous pouvez \u00e0 tout moment et sans justification, demander \u00e0 ne plus recevoir notre lettre d'information et, plus g\u00e9n\u00e9ralement, nos communications relatives \u00e0 nos services et actualit\u00e9s en utilisant le lien hypertexte pr\u00e9vu \u00e0 cet effet dans chaque courriel que nous vous adressons.<\/p>\n\n\n\n<p>Lorsque vous exercez vos droits, notre d\u00e9l\u00e9gu\u00e9 \u00e0 la protection des donn\u00e9es traite vos donn\u00e9es personnelles \u00e0 des fins de gestion de votre demande (civilit\u00e9, nom, pr\u00e9nom, copie de la pi\u00e8ce d'identit\u00e9, nature de la demande, r\u00e9ponse apport\u00e9e). Ces donn\u00e9es sont conserv\u00e9es pendant une dur\u00e9e de trois (3) ans, \u00e0 l'exception de la copie de votre pi\u00e8ce d'identit\u00e9, laquelle est conserv\u00e9e un (1) an.<\/p>\n\n\n\n<p>Vous pouvez exercer ces droits ou poser toute question relative \u00e0 la gestion de vos donn\u00e9es personnelles par nos soins en vous adressant \u00e0 notre d\u00e9l\u00e9gu\u00e9 \u00e0 la protection des donn\u00e9es (coordonn\u00e9es disponibles sur notre page des&nbsp;<strong>mentions l\u00e9gales<\/strong>) :<\/p>\n\n\n\n<p>En cas de doute raisonnable sur l'identit\u00e9 du demandeur, un justificatif d'identit\u00e9 pourra le cas \u00e9ch\u00e9ant \u00eatre demand\u00e9.<\/p>\n\n\n\n<p>Vous disposez \u00e9galement du droit de saisir la <strong>Commission Nationale de l'Informatique et des Libert\u00e9s (CNIL)<\/strong>, 3 Place de Fontenoy - TSA 80715 - 75334 PARIS CEDEX 07, de toute r\u00e9clamation se rapportant \u00e0 la mani\u00e8re dont nous collectons et traitons vos donn\u00e9es.<\/p>\n\n\n\n<h2 class=\"wp-block-heading\" id=\"liens-vers-des-sites-tiers\">Liens vers des sites Tiers<\/h2>\n\n\n\n<p>Ce site Internet peut contenir des <strong>privil\u00e8ges<\/strong> vers des plateformes de m\u00e9dias sociaux g\u00e9r\u00e9s par des personnes ou organisations sur lesquelles la soci\u00e9t\u00e9 n'a <strong>aucun contr\u00f4le<\/strong>.<\/p>\n\n\n\n<p>A ce titre, nous ne pouvons en aucun cas \u00eatre tenus pour responsable de la fa\u00e7on dont vos donn\u00e9es seront stock\u00e9es ou utilis\u00e9es sur les serveurs de tiers.  Nous vous conseillons de prendre connaissance de la <strong>politique applicable<\/strong> en mati\u00e8re de protection des donn\u00e9es personnelles de <strong>chaque site Internet tiers<\/strong> auquel vous acc\u00e9derez via notre site Internet afin d'appr\u00e9cier la mani\u00e8re dont seront utilis\u00e9es vos donn\u00e9es personnelles.<\/p>\n\n\n\n<h2 class=\"wp-block-heading\" id=\"modifications-de-la-presente-politique\">Modifications de la pr\u00e9sente Politique<\/h2>\n\n\n\n<p>Nous sommes susceptibles de modifier la politique de protection des donn\u00e9es en tant que de besoin. Nous veillerons \u00e0 ce que vous soyez inform\u00e9s de ces modifications soit par une mention sp\u00e9ciale sur notre site, soit par un avertissement personnalis\u00e9 notamment dans le cadre de nos envois de lettres d'information.<\/p>\n\n\n\n<h2 class=\"wp-block-heading\" id=\"annexe-definitions\">Annexe : D\u00e9finitions<\/h2>\n\n\n\n<h3 class=\"wp-block-heading\" id=\"consentement\">AI ou IA<\/h3>\n\n\n\n<p>Technologie qui permet \u00e0 des machines et des logiciels d'accomplir des t\u00e2ches complexes, habituellement r\u00e9serv\u00e9es \u00e0 l'intelligence humaine, telles que la reconnaissance de la parole, la prise de d\u00e9cisions, ou l'analyse de donn\u00e9es. Elle repose sur des algorithmes et des mod\u00e8les d'apprentissage pour am\u00e9liorer ses performances.<\/p>\n\n\n\n<h3 class=\"wp-block-heading\" id=\"consentement\">Consentement<\/h3>\n\n\n\n<p>Toute manifestation de volont\u00e9, libre, sp\u00e9cifique, \u00e9clair\u00e9e et univoque par laquelle la personne concern\u00e9e accepte, par une d\u00e9claration ou par un acte positif clair, que des donn\u00e9es \u00e0 caract\u00e8re personnel la concernant fassent l'objet d'un traitement.<\/p>\n\n\n\n<h3 class=\"wp-block-heading\" id=\"delegue-a-la-protection-des-donnees\">D\u00e9l\u00e9gu\u00e9 \u00e0 la protection des donn\u00e9es<\/h3>\n\n\n\n<p>La personne d\u00e9sign\u00e9e par nos soins, en charge de la protection des donn\u00e9es personnelles et de notre conformit\u00e9 \u00e0 la l\u00e9gislation applicable.<\/p>\n\n\n\n<h3 class=\"wp-block-heading\" id=\"destinataire\">Destinataire<\/h3>\n\n\n\n<p>Personne physique ou morale, l'autorit\u00e9 publique, le service ou tout autre organisme qui re\u00e7oit communication de donn\u00e9es \u00e0 caract\u00e8re personnel, qu'il s'agisse ou non d'un tiers.<\/p>\n\n\n\n<h3 class=\"wp-block-heading\" id=\"donnees-a-caractere-personnel-donnees-personnelles-donnees\">Donn\u00e9es \u00e0 caract\u00e8re personnel \/ Donn\u00e9es personnelles \/ Donn\u00e9es<\/h3>\n\n\n\n<p>Toute information se rapportant \u00e0 une personne concern\u00e9e notamment par r\u00e9f\u00e9rence \u00e0 un identifiant tel qu'un nom, un num\u00e9ro d'identification, un num\u00e9ro de carte d'identit\u00e9, un salaire, des dossiers de sant\u00e9, des informations de compte bancaire, des habitudes de conduite ou de consommation, des donn\u00e9es de localisation, un identifiant en ligne, etc.  Le terme \" donn\u00e9es personnelles \" inclut les donn\u00e9es \u00e0 caract\u00e8re personnel sensibles.<\/p>\n\n\n\n<h3 class=\"wp-block-heading\" id=\"donnees-a-caractere-personnel-sensibles-donnees-personnelles-sensibles\">Donn\u00e9es \u00e0 caract\u00e8re personnel sensibles \/ Donn\u00e9es personnelles sensibles<\/h3>\n\n\n\n<p>D\u00e9signe les donn\u00e9es \u00e0 caract\u00e8re personnel r\u00e9v\u00e9lant ou reposant sur :<\/p>\n\n\n\n<ul class=\"wp-block-list\">\n<li>L'origine raciale ou ethnique, les opinions politiques, religieuses ou philosophiques<\/li>\n\n\n\n<li>L'appartenance \u00e0 une organisation syndicale<\/li>\n\n\n\n<li>La sant\u00e9 physique ou mentale<\/li>\n\n\n\n<li>L'orientation sexuelle ou la vie sexuelle<\/li>\n\n\n\n<li>Les donn\u00e9es g\u00e9n\u00e9tiques et biom\u00e9triques<\/li>\n\n\n\n<li>Des donn\u00e9es relatives aux condamnations p\u00e9nales, aux infractions ou aux mesures de s\u00fbret\u00e9 connexes.<\/li>\n<\/ul>\n\n\n\n<h3 class=\"wp-block-heading\" id=\"legislation-applicable\">L\u00e9gislation applicable<\/h3>\n\n\n\n<p>Ensemble de r\u00e9glementation relative \u00e0 la protection des donn\u00e9es personnelles et applicable aux traitements de donn\u00e9es personnelles effectu\u00e9s par nos soins, \u00e0 savoir le <strong><a href=\"https:\/\/www.cnil.fr\/fr\/reglement-europeen-protection-donnees\">R\u00e8glement europ\u00e9en n\u00b02016\/679 relatif \u00e0 la protection des Donn\u00e9es \u00e0 caract\u00e8re personnel<\/a>&nbsp;<\/strong><strong>(RGPD)<\/strong>, la Loi informatique et libert\u00e9s modifi\u00e9e, et toute autre r\u00e9glementation qui y serait relative, et nous serait applicable.<\/p>\n\n\n\n<h3 class=\"wp-block-heading\" id=\"personne-concernee-personne\">Personne concern\u00e9e \/ Personne<\/h3>\n\n\n\n<p>Personne physique sur laquelle porte les donn\u00e9es \u00e0 caract\u00e8re personnel et qui peut \u00eatre identifi\u00e9e ou identifiable, directement ou indirectement, gr\u00e2ce \u00e0 ces donn\u00e9es personnelles. Cela inclut les clients, prospects, et collaborateurs anciens et actuels.<\/p>\n\n\n\n<h3 class=\"wp-block-heading\" id=\"responsable-de-traitement\">Responsable de traitement<\/h3>\n\n\n\n<p>Personne physique ou morale qui, individuellement ou conjointement, d\u00e9cide quelles donn\u00e9es \u00e0 caract\u00e8re personnel sont collect\u00e9es, pourquoi et comment elles sont collect\u00e9es et trait\u00e9es.<\/p>\n\n\n\n<h3 class=\"wp-block-heading\" id=\"rgpd\">RGPD<\/h3>\n\n\n\n<p>Abr\u00e9viation du&nbsp;<strong><a href=\"https:\/\/www.cnil.fr\/fr\/reglement-europeen-protection-donnees\">R\u00e8glement europ\u00e9en n\u00b02016\/679 du 27 avril 2016<\/a><\/strong>&nbsp;relatif \u00e0 la protection des personnes physiques \u00e0 l'\u00e9gard du traitement des donn\u00e9es \u00e0 caract\u00e8re personnel et \u00e0 la libre circulation de ces donn\u00e9es.<\/p>\n\n\n\n<h3 class=\"wp-block-heading\" id=\"sous-traitant\">Sous-traitant<\/h3>\n\n\n\n<p>Toute personne physique ou morale, l'autorit\u00e9 publique, le service ou un autre organisme qui traite des donn\u00e9es \u00e0 caract\u00e8re personnel au nom du responsable de traitement et selon ses instructions (par exemple des prestataires ou fournisseurs).<\/p>\n\n\n\n<h3 class=\"wp-block-heading\" id=\"tiers\">Paliers<\/h3>\n\n\n\n<p>Toute personne physique ou morale, autorit\u00e9 publique, agence ou tout autre organisme autre que la personne concern\u00e9e, le responsable du traitement, le sous-traitant et les personnes qui, sous l'autorit\u00e9 directe du responsable du traitement ou du sous-traitant, sont habilit\u00e9es ou autoris\u00e9es \u00e0 traiter les donn\u00e9es.<\/p>\n\n\n\n<h3 class=\"wp-block-heading\" id=\"traitement\">Traitement<\/h3>\n\n\n\n<p>Toute op\u00e9ration ou ensemble d'op\u00e9rations effectu\u00e9es ou non \u00e0 l'aide de proc\u00e9d\u00e9s automatis\u00e9s et appliqu\u00e9es \u00e0 des donn\u00e9es personnelles telles que la collecte, l'acc\u00e8s, l'enregistrement, la copie, le transfert, la conservation, le stockage, le croisement, la modification, la structuration, la mise \u00e0 disposition, la communication, l'enregistrement, la destruction, que ce soit de mani\u00e8re automatique, semi-automatique ou autre. Cette liste n'\u00e9tant pas exhaustive.<\/p>\n\n\n\n<h3 class=\"wp-block-heading\" id=\"transfert-de-donnees\">Transfert de donn\u00e9es<\/h3>\n\n\n\n<p>Toute communication, toute copie ou d\u00e9placement de donn\u00e9es par l'interm\u00e9diaire d'un r\u00e9seau, ou toute communication, toute copie ou d\u00e9placement de ces donn\u00e9es d'un support \u00e0 un autre, quel que soit ce support, de donn\u00e9es personnelles vers un pays tiers \u00e0 l'Union Europ\u00e9enne ou \u00e0 une organisation internationale qui font ou sont destin\u00e9es \u00e0 faire l'objet d'un traitement apr\u00e8s ce transfert.<\/p>","protected":false},"excerpt":{"rendered":"<p>Objectif et champ d\u2019application Dans cette Politique, les termes &#8220;nous&#8221;, &#8220;notre&#8221; et &#8220;nos&#8221; d\u00e9signent SEEK YOUR DATA. Vous pouvez acc\u00e9der \u00e0 l\u2019ensemble des informations nous concernant sur notre page d\u00e9di\u00e9e aux mentions l\u00e9gales. Objectif de la politique Nous pla\u00e7ons la protection de la vie priv\u00e9e et des donn\u00e9es \u00e0 caract\u00e8re personnel ainsi que le respect [&hellip;]<\/p>\n","protected":false},"author":22,"featured_media":0,"parent":0,"menu_order":19,"comment_status":"closed","ping_status":"closed","template":"","meta":{"_seopress_robots_primary_cat":"","_seopress_titles_title":"","_seopress_titles_desc":"","_seopress_robots_index":"yes","_gspb_post_css":"","footnotes":""},"class_list":["post-10603","page","type-page","status-publish","hentry"],"_links":{"self":[{"href":"https:\/\/seekyourdata.com\/fr\/wp-json\/wp\/v2\/pages\/10603","targetHints":{"allow":["GET"]}}],"collection":[{"href":"https:\/\/seekyourdata.com\/fr\/wp-json\/wp\/v2\/pages"}],"about":[{"href":"https:\/\/seekyourdata.com\/fr\/wp-json\/wp\/v2\/types\/page"}],"author":[{"embeddable":true,"href":"https:\/\/seekyourdata.com\/fr\/wp-json\/wp\/v2\/users\/22"}],"replies":[{"embeddable":true,"href":"https:\/\/seekyourdata.com\/fr\/wp-json\/wp\/v2\/comments?post=10603"}],"version-history":[{"count":0,"href":"https:\/\/seekyourdata.com\/fr\/wp-json\/wp\/v2\/pages\/10603\/revisions"}],"wp:attachment":[{"href":"https:\/\/seekyourdata.com\/fr\/wp-json\/wp\/v2\/media?parent=10603"}],"curies":[{"name":"wp","href":"https:\/\/api.w.org\/{rel}","templated":true}]}}